{"id":40249,"date":"2025-01-13T00:28:21","date_gmt":"2025-01-13T06:28:21","guid":{"rendered":"https:\/\/amgpromocionales.com.mx\/?post_type=product&#038;p=40249"},"modified":"2025-01-21T00:25:47","modified_gmt":"2025-01-21T06:25:47","slug":"reloj-rmf330","status":"publish","type":"product","link":"https:\/\/amgpromocionales.mx\/en\/shop\/reloj-rmf330\/","title":{"rendered":"RELOJ RMF330"},"content":{"rendered":"<p>Reloj cuadrado de pl\u00e1stico con luz. Funciones: alarma, calendario (del 2,000 al 2,099) y term\u00f3metro. Cambia de color de manera progresiva al estar encendido. Incluye pilas de bot\u00f3n. Utiliza cuatro bater\u00edas AAA (no incluidas). Presentaci\u00f3n: caja en color blanco.<\/p>","protected":false},"excerpt":{"rendered":"<p>Reloj cuadrado de pl\u00e1stico con luz. Funciones: alarma, calendario (del 2,000 al 2,099) y term\u00f3metro. Cambia de color de manera progresiva al estar encendido. Incluye pilas de bot\u00f3n. Utiliza cuatro bater\u00edas AAA (no incluidas). Presentaci\u00f3n: caja en color blanco.<\/p>","protected":false},"featured_media":24981,"comment_status":"closed","ping_status":"closed","template":"","meta":[],"genre":[],"product_cat":[322,398],"product_tag":[],"class_list":{"0":"post-40249","1":"product","2":"type-product","3":"status-publish","4":"has-post-thumbnail","6":"product_cat-cargadores-y-accesorios","7":"product_cat-ver-todo-tecnologia","9":"first","10":"instock","11":"shipping-taxable","12":"purchasable","13":"product-type-simple"},"_links":{"self":[{"href":"https:\/\/amgpromocionales.mx\/en\/wp-json\/wp\/v2\/product\/40249","targetHints":{"allow":["GET"]}}],"collection":[{"href":"https:\/\/amgpromocionales.mx\/en\/wp-json\/wp\/v2\/product"}],"about":[{"href":"https:\/\/amgpromocionales.mx\/en\/wp-json\/wp\/v2\/types\/product"}],"replies":[{"embeddable":true,"href":"https:\/\/amgpromocionales.mx\/en\/wp-json\/wp\/v2\/comments?post=40249"}],"wp:featuredmedia":[{"embeddable":true,"href":"https:\/\/amgpromocionales.mx\/en\/wp-json\/wp\/v2\/media\/24981"}],"wp:attachment":[{"href":"https:\/\/amgpromocionales.mx\/en\/wp-json\/wp\/v2\/media?parent=40249"}],"wp:term":[{"taxonomy":"product_brand","embeddable":true,"href":"https:\/\/amgpromocionales.mx\/en\/wp-json\/wp\/v2\/genre?post=40249"},{"taxonomy":"product_cat","embeddable":true,"href":"https:\/\/amgpromocionales.mx\/en\/wp-json\/wp\/v2\/product_cat?post=40249"},{"taxonomy":"product_tag","embeddable":true,"href":"https:\/\/amgpromocionales.mx\/en\/wp-json\/wp\/v2\/product_tag?post=40249"}],"curies":[{"name":"wp","href":"https:\/\/api.w.org\/{rel}","templated":true}]}}