{"id":40241,"date":"2025-01-13T00:28:19","date_gmt":"2025-01-13T06:28:19","guid":{"rendered":"https:\/\/amgpromocionales.com.mx\/?post_type=product&#038;p=40241"},"modified":"2025-01-21T00:03:38","modified_gmt":"2025-01-21T06:03:38","slug":"calculadora-rc04","status":"publish","type":"product","link":"https:\/\/amgpromocionales.mx\/en\/shop\/calculadora-rc04\/","title":{"rendered":"CALCULADORA RC04"},"content":{"rendered":"<p>Calculadora flexible con botones gigantes e im\u00e1n para colocar en superficies met\u00e1licas; Bater\u00eda incluida.<\/p>","protected":false},"excerpt":{"rendered":"<p>Calculadora flexible con botones gigantes e im\u00e1n para colocar en superficies met\u00e1licas; Bater\u00eda incluida.<\/p>","protected":false},"featured_media":24974,"comment_status":"closed","ping_status":"closed","template":"","meta":[],"genre":[],"product_cat":[285,396],"product_tag":[],"class_list":{"0":"post-40241","1":"product","2":"type-product","3":"status-publish","4":"has-post-thumbnail","6":"product_cat-calculadoras","7":"product_cat-ver-todo-oficina","9":"first","10":"instock","11":"shipping-taxable","12":"purchasable","13":"product-type-variable"},"_links":{"self":[{"href":"https:\/\/amgpromocionales.mx\/en\/wp-json\/wp\/v2\/product\/40241","targetHints":{"allow":["GET"]}}],"collection":[{"href":"https:\/\/amgpromocionales.mx\/en\/wp-json\/wp\/v2\/product"}],"about":[{"href":"https:\/\/amgpromocionales.mx\/en\/wp-json\/wp\/v2\/types\/product"}],"replies":[{"embeddable":true,"href":"https:\/\/amgpromocionales.mx\/en\/wp-json\/wp\/v2\/comments?post=40241"}],"wp:featuredmedia":[{"embeddable":true,"href":"https:\/\/amgpromocionales.mx\/en\/wp-json\/wp\/v2\/media\/24974"}],"wp:attachment":[{"href":"https:\/\/amgpromocionales.mx\/en\/wp-json\/wp\/v2\/media?parent=40241"}],"wp:term":[{"taxonomy":"product_brand","embeddable":true,"href":"https:\/\/amgpromocionales.mx\/en\/wp-json\/wp\/v2\/genre?post=40241"},{"taxonomy":"product_cat","embeddable":true,"href":"https:\/\/amgpromocionales.mx\/en\/wp-json\/wp\/v2\/product_cat?post=40241"},{"taxonomy":"product_tag","embeddable":true,"href":"https:\/\/amgpromocionales.mx\/en\/wp-json\/wp\/v2\/product_tag?post=40241"}],"curies":[{"name":"wp","href":"https:\/\/api.w.org\/{rel}","templated":true}]}}