{"id":40207,"date":"2025-01-13T00:27:32","date_gmt":"2025-01-13T06:27:32","guid":{"rendered":"https:\/\/amgpromocionales.com.mx\/?post_type=product&#038;p=40207"},"modified":"2025-01-21T00:15:55","modified_gmt":"2025-01-21T06:15:55","slug":"pastillero-pst4763","status":"publish","type":"product","link":"https:\/\/amgpromocionales.mx\/en\/shop\/pastillero-pst4763\/","title":{"rendered":"PASTILLERO PST4763"},"content":{"rendered":"<p>Pastillero de pl\u00e1stico trasl\u00facido, con doble tapa y dos divisiones, para control de dosis m\u00e9dica.<\/p>","protected":false},"excerpt":{"rendered":"<p>Pastillero de pl\u00e1stico trasl\u00facido, con doble tapa y dos divisiones, para control de dosis m\u00e9dica.<\/p>","protected":false},"featured_media":25535,"comment_status":"closed","ping_status":"closed","template":"","meta":[],"genre":[],"product_cat":[379,397],"product_tag":[],"class_list":{"0":"post-40207","1":"product","2":"type-product","3":"status-publish","4":"has-post-thumbnail","6":"product_cat-cuidado-personal","7":"product_cat-ver-todo-salud-y-belleza","9":"first","10":"instock","11":"shipping-taxable","12":"purchasable","13":"product-type-simple"},"_links":{"self":[{"href":"https:\/\/amgpromocionales.mx\/en\/wp-json\/wp\/v2\/product\/40207","targetHints":{"allow":["GET"]}}],"collection":[{"href":"https:\/\/amgpromocionales.mx\/en\/wp-json\/wp\/v2\/product"}],"about":[{"href":"https:\/\/amgpromocionales.mx\/en\/wp-json\/wp\/v2\/types\/product"}],"replies":[{"embeddable":true,"href":"https:\/\/amgpromocionales.mx\/en\/wp-json\/wp\/v2\/comments?post=40207"}],"wp:featuredmedia":[{"embeddable":true,"href":"https:\/\/amgpromocionales.mx\/en\/wp-json\/wp\/v2\/media\/25535"}],"wp:attachment":[{"href":"https:\/\/amgpromocionales.mx\/en\/wp-json\/wp\/v2\/media?parent=40207"}],"wp:term":[{"taxonomy":"product_brand","embeddable":true,"href":"https:\/\/amgpromocionales.mx\/en\/wp-json\/wp\/v2\/genre?post=40207"},{"taxonomy":"product_cat","embeddable":true,"href":"https:\/\/amgpromocionales.mx\/en\/wp-json\/wp\/v2\/product_cat?post=40207"},{"taxonomy":"product_tag","embeddable":true,"href":"https:\/\/amgpromocionales.mx\/en\/wp-json\/wp\/v2\/product_tag?post=40207"}],"curies":[{"name":"wp","href":"https:\/\/api.w.org\/{rel}","templated":true}]}}