{"id":40189,"date":"2025-01-13T00:27:27","date_gmt":"2025-01-13T06:27:27","guid":{"rendered":"https:\/\/amgpromocionales.com.mx\/?post_type=product&#038;p=40189"},"modified":"2025-01-21T00:02:36","modified_gmt":"2025-01-21T06:02:36","slug":"portafolios-pec2728","status":"publish","type":"product","link":"https:\/\/amgpromocionales.mx\/en\/shop\/portafolios-pec2728\/","title":{"rendered":"PORTAFOLIOS PEC2728"},"content":{"rendered":"<p>Portafolios de cart\u00f3n con broches de presi\u00f3n, block de 20 hojas rayadas, notas adhesivas y pluma ecol\u00f3gica.<\/p>","protected":false},"excerpt":{"rendered":"<p>Portafolios de cart\u00f3n con broches de presi\u00f3n, block de 20 hojas rayadas, notas adhesivas y pluma ecol\u00f3gica.<\/p>","protected":false},"featured_media":24959,"comment_status":"closed","ping_status":"closed","template":"","meta":[],"genre":[],"product_cat":[375,396],"product_tag":[],"class_list":{"0":"post-40189","1":"product","2":"type-product","3":"status-publish","4":"has-post-thumbnail","6":"product_cat-cajas-bolsas-y-estuches","7":"product_cat-ver-todo-oficina","9":"first","10":"instock","11":"shipping-taxable","12":"purchasable","13":"product-type-simple"},"_links":{"self":[{"href":"https:\/\/amgpromocionales.mx\/en\/wp-json\/wp\/v2\/product\/40189","targetHints":{"allow":["GET"]}}],"collection":[{"href":"https:\/\/amgpromocionales.mx\/en\/wp-json\/wp\/v2\/product"}],"about":[{"href":"https:\/\/amgpromocionales.mx\/en\/wp-json\/wp\/v2\/types\/product"}],"replies":[{"embeddable":true,"href":"https:\/\/amgpromocionales.mx\/en\/wp-json\/wp\/v2\/comments?post=40189"}],"wp:featuredmedia":[{"embeddable":true,"href":"https:\/\/amgpromocionales.mx\/en\/wp-json\/wp\/v2\/media\/24959"}],"wp:attachment":[{"href":"https:\/\/amgpromocionales.mx\/en\/wp-json\/wp\/v2\/media?parent=40189"}],"wp:term":[{"taxonomy":"product_brand","embeddable":true,"href":"https:\/\/amgpromocionales.mx\/en\/wp-json\/wp\/v2\/genre?post=40189"},{"taxonomy":"product_cat","embeddable":true,"href":"https:\/\/amgpromocionales.mx\/en\/wp-json\/wp\/v2\/product_cat?post=40189"},{"taxonomy":"product_tag","embeddable":true,"href":"https:\/\/amgpromocionales.mx\/en\/wp-json\/wp\/v2\/product_tag?post=40189"}],"curies":[{"name":"wp","href":"https:\/\/api.w.org\/{rel}","templated":true}]}}