{"id":40119,"date":"2025-01-13T00:26:36","date_gmt":"2025-01-13T06:26:36","guid":{"rendered":"https:\/\/amgpromocionales.com.mx\/?post_type=product&#038;p=40119"},"modified":"2025-01-21T00:01:10","modified_gmt":"2025-01-21T06:01:10","slug":"lupa-lup1252","status":"publish","type":"product","link":"https:\/\/amgpromocionales.mx\/en\/shop\/lupa-lup1252\/","title":{"rendered":"LUPA LUP1252"},"content":{"rendered":"<p>Lupa con pluma y bot\u00f3n para encendido de luz. Bater\u00eda incluida. Presentaci\u00f3n: caja en color blanco.<\/p>","protected":false},"excerpt":{"rendered":"<p>Lupa con pluma y bot\u00f3n para encendido de luz. Bater\u00eda incluida. Presentaci\u00f3n: caja en color blanco.<\/p>","protected":false},"featured_media":24937,"comment_status":"closed","ping_status":"closed","template":"","meta":[],"genre":[],"product_cat":[299,396],"product_tag":[],"class_list":{"0":"post-40119","1":"product","2":"type-product","3":"status-publish","4":"has-post-thumbnail","6":"product_cat-accesorios-de-oficina","7":"product_cat-ver-todo-oficina","9":"first","10":"instock","11":"shipping-taxable","12":"purchasable","13":"product-type-simple"},"_links":{"self":[{"href":"https:\/\/amgpromocionales.mx\/en\/wp-json\/wp\/v2\/product\/40119","targetHints":{"allow":["GET"]}}],"collection":[{"href":"https:\/\/amgpromocionales.mx\/en\/wp-json\/wp\/v2\/product"}],"about":[{"href":"https:\/\/amgpromocionales.mx\/en\/wp-json\/wp\/v2\/types\/product"}],"replies":[{"embeddable":true,"href":"https:\/\/amgpromocionales.mx\/en\/wp-json\/wp\/v2\/comments?post=40119"}],"wp:featuredmedia":[{"embeddable":true,"href":"https:\/\/amgpromocionales.mx\/en\/wp-json\/wp\/v2\/media\/24937"}],"wp:attachment":[{"href":"https:\/\/amgpromocionales.mx\/en\/wp-json\/wp\/v2\/media?parent=40119"}],"wp:term":[{"taxonomy":"product_brand","embeddable":true,"href":"https:\/\/amgpromocionales.mx\/en\/wp-json\/wp\/v2\/genre?post=40119"},{"taxonomy":"product_cat","embeddable":true,"href":"https:\/\/amgpromocionales.mx\/en\/wp-json\/wp\/v2\/product_cat?post=40119"},{"taxonomy":"product_tag","embeddable":true,"href":"https:\/\/amgpromocionales.mx\/en\/wp-json\/wp\/v2\/product_tag?post=40119"}],"curies":[{"name":"wp","href":"https:\/\/api.w.org\/{rel}","templated":true}]}}