{"id":40060,"date":"2025-01-13T00:25:42","date_gmt":"2025-01-13T06:25:42","guid":{"rendered":"https:\/\/amgpromocionales.com.mx\/?post_type=product&#038;p=40060"},"modified":"2025-01-21T00:16:44","modified_gmt":"2025-01-21T06:16:44","slug":"juego-jlc1","status":"publish","type":"product","link":"https:\/\/amgpromocionales.mx\/en\/shop\/juego-jlc1\/","title":{"rendered":"JUEGO JLC1"},"content":{"rendered":"<p>Juego de limpieza para calzado. Contenido: estuche met\u00e1lico, 2 cepillos, calzador, pa\u00f1o y brillo para zapatos. Presentaci\u00f3n: En caja.<\/p>","protected":false},"excerpt":{"rendered":"<p>Juego de limpieza para calzado. Contenido: estuche met\u00e1lico, 2 cepillos, calzador, pa\u00f1o y brillo para zapatos. Presentaci\u00f3n: En caja.<\/p>","protected":false},"featured_media":25518,"comment_status":"closed","ping_status":"closed","template":"","meta":[],"genre":[],"product_cat":[379,397],"product_tag":[],"class_list":{"0":"post-40060","1":"product","2":"type-product","3":"status-publish","4":"has-post-thumbnail","6":"product_cat-cuidado-personal","7":"product_cat-ver-todo-salud-y-belleza","9":"first","10":"instock","11":"shipping-taxable","12":"purchasable","13":"product-type-simple"},"_links":{"self":[{"href":"https:\/\/amgpromocionales.mx\/en\/wp-json\/wp\/v2\/product\/40060","targetHints":{"allow":["GET"]}}],"collection":[{"href":"https:\/\/amgpromocionales.mx\/en\/wp-json\/wp\/v2\/product"}],"about":[{"href":"https:\/\/amgpromocionales.mx\/en\/wp-json\/wp\/v2\/types\/product"}],"replies":[{"embeddable":true,"href":"https:\/\/amgpromocionales.mx\/en\/wp-json\/wp\/v2\/comments?post=40060"}],"wp:featuredmedia":[{"embeddable":true,"href":"https:\/\/amgpromocionales.mx\/en\/wp-json\/wp\/v2\/media\/25518"}],"wp:attachment":[{"href":"https:\/\/amgpromocionales.mx\/en\/wp-json\/wp\/v2\/media?parent=40060"}],"wp:term":[{"taxonomy":"product_brand","embeddable":true,"href":"https:\/\/amgpromocionales.mx\/en\/wp-json\/wp\/v2\/genre?post=40060"},{"taxonomy":"product_cat","embeddable":true,"href":"https:\/\/amgpromocionales.mx\/en\/wp-json\/wp\/v2\/product_cat?post=40060"},{"taxonomy":"product_tag","embeddable":true,"href":"https:\/\/amgpromocionales.mx\/en\/wp-json\/wp\/v2\/product_tag?post=40060"}],"curies":[{"name":"wp","href":"https:\/\/api.w.org\/{rel}","templated":true}]}}