{"id":40050,"date":"2025-01-13T00:25:40","date_gmt":"2025-01-13T06:25:40","guid":{"rendered":"https:\/\/amgpromocionales.com.mx\/?post_type=product&#038;p=40050"},"modified":"2025-01-21T00:50:19","modified_gmt":"2025-01-21T06:50:19","slug":"impermeable-imp4675","status":"publish","type":"product","link":"https:\/\/amgpromocionales.mx\/en\/shop\/impermeable-imp4675\/","title":{"rendered":"IMPERMEABLE IMP4675"},"content":{"rendered":"<p>Impermeable con bot\u00f3nes. Incluye funda port\u00e1til del mismo material con broche de bot\u00f3n. La impresi\u00f3n requiere tinta especial.<\/p>","protected":false},"excerpt":{"rendered":"<p>Impermeable con bot\u00f3nes. Incluye funda port\u00e1til del mismo material con broche de bot\u00f3n. La impresi\u00f3n requiere tinta especial.<\/p>","protected":false},"featured_media":30570,"comment_status":"closed","ping_status":"closed","template":"","meta":[],"genre":[],"product_cat":[367,399],"product_tag":[],"class_list":{"0":"post-40050","1":"product","2":"type-product","3":"status-publish","4":"has-post-thumbnail","6":"product_cat-paraguas-e-impermeables","7":"product_cat-ver-todo-textiles","9":"first","10":"instock","11":"shipping-taxable","12":"purchasable","13":"product-type-variable"},"_links":{"self":[{"href":"https:\/\/amgpromocionales.mx\/en\/wp-json\/wp\/v2\/product\/40050","targetHints":{"allow":["GET"]}}],"collection":[{"href":"https:\/\/amgpromocionales.mx\/en\/wp-json\/wp\/v2\/product"}],"about":[{"href":"https:\/\/amgpromocionales.mx\/en\/wp-json\/wp\/v2\/types\/product"}],"replies":[{"embeddable":true,"href":"https:\/\/amgpromocionales.mx\/en\/wp-json\/wp\/v2\/comments?post=40050"}],"wp:featuredmedia":[{"embeddable":true,"href":"https:\/\/amgpromocionales.mx\/en\/wp-json\/wp\/v2\/media\/30570"}],"wp:attachment":[{"href":"https:\/\/amgpromocionales.mx\/en\/wp-json\/wp\/v2\/media?parent=40050"}],"wp:term":[{"taxonomy":"product_brand","embeddable":true,"href":"https:\/\/amgpromocionales.mx\/en\/wp-json\/wp\/v2\/genre?post=40050"},{"taxonomy":"product_cat","embeddable":true,"href":"https:\/\/amgpromocionales.mx\/en\/wp-json\/wp\/v2\/product_cat?post=40050"},{"taxonomy":"product_tag","embeddable":true,"href":"https:\/\/amgpromocionales.mx\/en\/wp-json\/wp\/v2\/product_tag?post=40050"}],"curies":[{"name":"wp","href":"https:\/\/api.w.org\/{rel}","templated":true}]}}