{"id":40045,"date":"2025-01-13T00:25:21","date_gmt":"2025-01-13T06:25:21","guid":{"rendered":"https:\/\/amgpromocionales.com.mx\/?post_type=product&#038;p=40045"},"modified":"2025-01-20T23:43:12","modified_gmt":"2025-01-21T05:43:12","slug":"flexometro-he987","status":"publish","type":"product","link":"https:\/\/amgpromocionales.mx\/en\/shop\/flexometro-he987\/","title":{"rendered":"FLEX\u00d3METRO HE987"},"content":{"rendered":"<p>Flex\u00f3metro industrial de 2 m. de longitud, con seguro, nivelador, notas adhesivas y mini bol\u00edgrafo.<\/p>","protected":false},"excerpt":{"rendered":"<p>Flex\u00f3metro industrial de 2 m. de longitud, con seguro, nivelador, notas adhesivas y mini bol\u00edgrafo.<\/p>","protected":false},"featured_media":23320,"comment_status":"closed","ping_status":"closed","template":"","meta":[],"genre":[],"product_cat":[279,393],"product_tag":[],"class_list":{"0":"post-40045","1":"product","2":"type-product","3":"status-publish","4":"has-post-thumbnail","6":"product_cat-herramientas-herramientas","7":"product_cat-ver-todo-herramientas","9":"first","10":"instock","11":"shipping-taxable","12":"purchasable","13":"product-type-simple"},"_links":{"self":[{"href":"https:\/\/amgpromocionales.mx\/en\/wp-json\/wp\/v2\/product\/40045","targetHints":{"allow":["GET"]}}],"collection":[{"href":"https:\/\/amgpromocionales.mx\/en\/wp-json\/wp\/v2\/product"}],"about":[{"href":"https:\/\/amgpromocionales.mx\/en\/wp-json\/wp\/v2\/types\/product"}],"replies":[{"embeddable":true,"href":"https:\/\/amgpromocionales.mx\/en\/wp-json\/wp\/v2\/comments?post=40045"}],"wp:featuredmedia":[{"embeddable":true,"href":"https:\/\/amgpromocionales.mx\/en\/wp-json\/wp\/v2\/media\/23320"}],"wp:attachment":[{"href":"https:\/\/amgpromocionales.mx\/en\/wp-json\/wp\/v2\/media?parent=40045"}],"wp:term":[{"taxonomy":"product_brand","embeddable":true,"href":"https:\/\/amgpromocionales.mx\/en\/wp-json\/wp\/v2\/genre?post=40045"},{"taxonomy":"product_cat","embeddable":true,"href":"https:\/\/amgpromocionales.mx\/en\/wp-json\/wp\/v2\/product_cat?post=40045"},{"taxonomy":"product_tag","embeddable":true,"href":"https:\/\/amgpromocionales.mx\/en\/wp-json\/wp\/v2\/product_tag?post=40045"}],"curies":[{"name":"wp","href":"https:\/\/api.w.org\/{rel}","templated":true}]}}