{"id":40044,"date":"2025-01-13T00:25:20","date_gmt":"2025-01-13T06:25:20","guid":{"rendered":"https:\/\/amgpromocionales.com.mx\/?post_type=product&#038;p=40044"},"modified":"2025-01-20T23:43:13","modified_gmt":"2025-01-21T05:43:13","slug":"juego-he3562","status":"publish","type":"product","link":"https:\/\/amgpromocionales.mx\/en\/shop\/juego-he3562\/","title":{"rendered":"JUEGO HE3562"},"content":{"rendered":"<p>Juego de herramientas en forma de llanta. Incluye: 1 pinza de corte y 1 pinza de precisi\u00f3n, extensi\u00f3n y maneral, 6 desarmadores de relojero, 4 dados y 10 puntas de desarmador. Presentaci\u00f3n: caja en color negro.<\/p>","protected":false},"excerpt":{"rendered":"<p>Juego de herramientas en forma de llanta. Incluye: 1 pinza de corte y 1 pinza de precisi\u00f3n, extensi\u00f3n y maneral, 6 desarmadores de relojero, 4 dados y 10 puntas de desarmador. Presentaci\u00f3n: caja en color negro.<\/p>","protected":false},"featured_media":23322,"comment_status":"closed","ping_status":"closed","template":"","meta":[],"genre":[],"product_cat":[279,393],"product_tag":[],"class_list":{"0":"post-40044","1":"product","2":"type-product","3":"status-publish","4":"has-post-thumbnail","6":"product_cat-herramientas-herramientas","7":"product_cat-ver-todo-herramientas","9":"first","10":"instock","11":"shipping-taxable","12":"purchasable","13":"product-type-simple"},"_links":{"self":[{"href":"https:\/\/amgpromocionales.mx\/en\/wp-json\/wp\/v2\/product\/40044","targetHints":{"allow":["GET"]}}],"collection":[{"href":"https:\/\/amgpromocionales.mx\/en\/wp-json\/wp\/v2\/product"}],"about":[{"href":"https:\/\/amgpromocionales.mx\/en\/wp-json\/wp\/v2\/types\/product"}],"replies":[{"embeddable":true,"href":"https:\/\/amgpromocionales.mx\/en\/wp-json\/wp\/v2\/comments?post=40044"}],"wp:featuredmedia":[{"embeddable":true,"href":"https:\/\/amgpromocionales.mx\/en\/wp-json\/wp\/v2\/media\/23322"}],"wp:attachment":[{"href":"https:\/\/amgpromocionales.mx\/en\/wp-json\/wp\/v2\/media?parent=40044"}],"wp:term":[{"taxonomy":"product_brand","embeddable":true,"href":"https:\/\/amgpromocionales.mx\/en\/wp-json\/wp\/v2\/genre?post=40044"},{"taxonomy":"product_cat","embeddable":true,"href":"https:\/\/amgpromocionales.mx\/en\/wp-json\/wp\/v2\/product_cat?post=40044"},{"taxonomy":"product_tag","embeddable":true,"href":"https:\/\/amgpromocionales.mx\/en\/wp-json\/wp\/v2\/product_tag?post=40044"}],"curies":[{"name":"wp","href":"https:\/\/api.w.org\/{rel}","templated":true}]}}