{"id":40043,"date":"2025-01-13T00:25:20","date_gmt":"2025-01-13T06:25:20","guid":{"rendered":"https:\/\/amgpromocionales.com.mx\/?post_type=product&#038;p=40043"},"modified":"2025-01-20T23:43:13","modified_gmt":"2025-01-21T05:43:13","slug":"juego-he080","status":"publish","type":"product","link":"https:\/\/amgpromocionales.mx\/en\/shop\/juego-he080\/","title":{"rendered":"JUEGO HE080"},"content":{"rendered":"<p>Juego de herramientas con l\u00e1mpara. Incluye: maneral y extensi\u00f3n, 8 dados, 10 puntas de desarmador, 4 desarmadores de relojero. Utiliza 4 bater\u00edas AA (no incluidas). Presentaci\u00f3n: caja en color negro.<\/p>","protected":false},"excerpt":{"rendered":"<p>Juego de herramientas con l\u00e1mpara. Incluye: maneral y extensi\u00f3n, 8 dados, 10 puntas de desarmador, 4 desarmadores de relojero. Utiliza 4 bater\u00edas AA (no incluidas). Presentaci\u00f3n: caja en color negro.<\/p>","protected":false},"featured_media":23314,"comment_status":"closed","ping_status":"closed","template":"","meta":[],"genre":[],"product_cat":[279,393],"product_tag":[],"class_list":{"0":"post-40043","1":"product","2":"type-product","3":"status-publish","4":"has-post-thumbnail","6":"product_cat-herramientas-herramientas","7":"product_cat-ver-todo-herramientas","9":"first","10":"instock","11":"shipping-taxable","12":"purchasable","13":"product-type-simple"},"_links":{"self":[{"href":"https:\/\/amgpromocionales.mx\/en\/wp-json\/wp\/v2\/product\/40043","targetHints":{"allow":["GET"]}}],"collection":[{"href":"https:\/\/amgpromocionales.mx\/en\/wp-json\/wp\/v2\/product"}],"about":[{"href":"https:\/\/amgpromocionales.mx\/en\/wp-json\/wp\/v2\/types\/product"}],"replies":[{"embeddable":true,"href":"https:\/\/amgpromocionales.mx\/en\/wp-json\/wp\/v2\/comments?post=40043"}],"wp:featuredmedia":[{"embeddable":true,"href":"https:\/\/amgpromocionales.mx\/en\/wp-json\/wp\/v2\/media\/23314"}],"wp:attachment":[{"href":"https:\/\/amgpromocionales.mx\/en\/wp-json\/wp\/v2\/media?parent=40043"}],"wp:term":[{"taxonomy":"product_brand","embeddable":true,"href":"https:\/\/amgpromocionales.mx\/en\/wp-json\/wp\/v2\/genre?post=40043"},{"taxonomy":"product_cat","embeddable":true,"href":"https:\/\/amgpromocionales.mx\/en\/wp-json\/wp\/v2\/product_cat?post=40043"},{"taxonomy":"product_tag","embeddable":true,"href":"https:\/\/amgpromocionales.mx\/en\/wp-json\/wp\/v2\/product_tag?post=40043"}],"curies":[{"name":"wp","href":"https:\/\/api.w.org\/{rel}","templated":true}]}}