{"id":40011,"date":"2025-01-13T00:24:52","date_gmt":"2025-01-13T06:24:52","guid":{"rendered":"https:\/\/amgpromocionales.com.mx\/?post_type=product&#038;p=40011"},"modified":"2025-01-21T00:01:11","modified_gmt":"2025-01-21T06:01:11","slug":"separador-ep9163","status":"publish","type":"product","link":"https:\/\/amgpromocionales.mx\/en\/shop\/separador-ep9163\/","title":{"rendered":"SEPARADOR EP9163"},"content":{"rendered":"<p>Separador de libros de cart\u00f3n con regla impresa, extremo circular para impresi\u00f3n de logotipo. Contiene 5 l\u00edneas de banderas adhesivas y un block de notas cuadrado.<\/p>","protected":false},"excerpt":{"rendered":"<p>Separador de libros de cart\u00f3n con regla impresa, extremo circular para impresi\u00f3n de logotipo. Contiene 5 l\u00edneas de banderas adhesivas y un block de notas cuadrado.<\/p>","protected":false},"featured_media":24909,"comment_status":"closed","ping_status":"closed","template":"","meta":[],"genre":[],"product_cat":[299,396],"product_tag":[],"class_list":{"0":"post-40011","1":"product","2":"type-product","3":"status-publish","4":"has-post-thumbnail","6":"product_cat-accesorios-de-oficina","7":"product_cat-ver-todo-oficina","9":"first","10":"instock","11":"shipping-taxable","12":"purchasable","13":"product-type-simple"},"_links":{"self":[{"href":"https:\/\/amgpromocionales.mx\/en\/wp-json\/wp\/v2\/product\/40011","targetHints":{"allow":["GET"]}}],"collection":[{"href":"https:\/\/amgpromocionales.mx\/en\/wp-json\/wp\/v2\/product"}],"about":[{"href":"https:\/\/amgpromocionales.mx\/en\/wp-json\/wp\/v2\/types\/product"}],"replies":[{"embeddable":true,"href":"https:\/\/amgpromocionales.mx\/en\/wp-json\/wp\/v2\/comments?post=40011"}],"wp:featuredmedia":[{"embeddable":true,"href":"https:\/\/amgpromocionales.mx\/en\/wp-json\/wp\/v2\/media\/24909"}],"wp:attachment":[{"href":"https:\/\/amgpromocionales.mx\/en\/wp-json\/wp\/v2\/media?parent=40011"}],"wp:term":[{"taxonomy":"product_brand","embeddable":true,"href":"https:\/\/amgpromocionales.mx\/en\/wp-json\/wp\/v2\/genre?post=40011"},{"taxonomy":"product_cat","embeddable":true,"href":"https:\/\/amgpromocionales.mx\/en\/wp-json\/wp\/v2\/product_cat?post=40011"},{"taxonomy":"product_tag","embeddable":true,"href":"https:\/\/amgpromocionales.mx\/en\/wp-json\/wp\/v2\/product_tag?post=40011"}],"curies":[{"name":"wp","href":"https:\/\/api.w.org\/{rel}","templated":true}]}}