{"id":39875,"date":"2025-01-13T00:22:14","date_gmt":"2025-01-13T06:22:14","guid":{"rendered":"https:\/\/amgpromocionales.com.mx\/?post_type=product&#038;p=39875"},"modified":"2025-01-21T00:53:11","modified_gmt":"2025-01-21T06:53:11","slug":"planilla-bi5705","status":"publish","type":"product","link":"https:\/\/amgpromocionales.mx\/en\/shop\/planilla-bi5705\/","title":{"rendered":"PLANILLA BI5705"},"content":{"rendered":"<p>Planilla de brazaletes plastificados mate de 10 piezas, irrompible, con broche de seguridad. Se adapta a la mu\u00f1eca. \u00c1rea m\u00e1xima de impresi\u00f3n: 9 x 12 cm.<\/p>","protected":false},"excerpt":{"rendered":"<p>Planilla de brazaletes plastificados mate de 10 piezas, irrompible, con broche de seguridad. Se adapta a la mu\u00f1eca. \u00c1rea m\u00e1xima de impresi\u00f3n: 9 x 12 cm.<\/p>","protected":false},"featured_media":30796,"comment_status":"closed","ping_status":"closed","template":"","meta":[],"genre":[],"product_cat":[361,400],"product_tag":[],"class_list":{"0":"post-39875","1":"product","2":"type-product","3":"status-publish","4":"has-post-thumbnail","6":"product_cat-brazaletes","7":"product_cat-ver-todo-tiempo-libre","9":"first","10":"instock","11":"shipping-taxable","12":"purchasable","13":"product-type-variable"},"_links":{"self":[{"href":"https:\/\/amgpromocionales.mx\/en\/wp-json\/wp\/v2\/product\/39875","targetHints":{"allow":["GET"]}}],"collection":[{"href":"https:\/\/amgpromocionales.mx\/en\/wp-json\/wp\/v2\/product"}],"about":[{"href":"https:\/\/amgpromocionales.mx\/en\/wp-json\/wp\/v2\/types\/product"}],"replies":[{"embeddable":true,"href":"https:\/\/amgpromocionales.mx\/en\/wp-json\/wp\/v2\/comments?post=39875"}],"wp:featuredmedia":[{"embeddable":true,"href":"https:\/\/amgpromocionales.mx\/en\/wp-json\/wp\/v2\/media\/30796"}],"wp:attachment":[{"href":"https:\/\/amgpromocionales.mx\/en\/wp-json\/wp\/v2\/media?parent=39875"}],"wp:term":[{"taxonomy":"product_brand","embeddable":true,"href":"https:\/\/amgpromocionales.mx\/en\/wp-json\/wp\/v2\/genre?post=39875"},{"taxonomy":"product_cat","embeddable":true,"href":"https:\/\/amgpromocionales.mx\/en\/wp-json\/wp\/v2\/product_cat?post=39875"},{"taxonomy":"product_tag","embeddable":true,"href":"https:\/\/amgpromocionales.mx\/en\/wp-json\/wp\/v2\/product_tag?post=39875"}],"curies":[{"name":"wp","href":"https:\/\/api.w.org\/{rel}","templated":true}]}}