{"id":39856,"date":"2025-01-13T00:21:55","date_gmt":"2025-01-13T06:21:55","guid":{"rendered":"https:\/\/amgpromocionales.com.mx\/?post_type=product&#038;p=39856"},"modified":"2025-01-20T23:54:09","modified_gmt":"2025-01-21T05:54:09","slug":"asador-asp4251","status":"publish","type":"product","link":"https:\/\/amgpromocionales.mx\/en\/shop\/asador-asp4251\/","title":{"rendered":"ASADOR ASP4251"},"content":{"rendered":"<p>Asador port\u00e1til con parrilla, el cual cuenta con mango para protegerse del calor. Incluye recipiente para carb\u00f3n con soporte, as\u00ed como estuche t\u00e9rmico que sirve tambi\u00e9n como hielera, con capacidad para 8 latas. Presentaci\u00f3n: caja de color.<\/p>","protected":false},"excerpt":{"rendered":"<p>Asador port\u00e1til con parrilla, el cual cuenta con mango para protegerse del calor. Incluye recipiente para carb\u00f3n con soporte, as\u00ed como estuche t\u00e9rmico que sirve tambi\u00e9n como hielera, con capacidad para 8 latas. Presentaci\u00f3n: caja de color.<\/p>","protected":false},"featured_media":22864,"comment_status":"closed","ping_status":"closed","template":"","meta":[],"genre":[],"product_cat":[295,394],"product_tag":[],"class_list":{"0":"post-39856","1":"product","2":"type-product","3":"status-publish","4":"has-post-thumbnail","6":"product_cat-bbq","7":"product_cat-ver-todo-hogar","9":"first","10":"instock","11":"shipping-taxable","12":"purchasable","13":"product-type-simple"},"_links":{"self":[{"href":"https:\/\/amgpromocionales.mx\/en\/wp-json\/wp\/v2\/product\/39856","targetHints":{"allow":["GET"]}}],"collection":[{"href":"https:\/\/amgpromocionales.mx\/en\/wp-json\/wp\/v2\/product"}],"about":[{"href":"https:\/\/amgpromocionales.mx\/en\/wp-json\/wp\/v2\/types\/product"}],"replies":[{"embeddable":true,"href":"https:\/\/amgpromocionales.mx\/en\/wp-json\/wp\/v2\/comments?post=39856"}],"wp:featuredmedia":[{"embeddable":true,"href":"https:\/\/amgpromocionales.mx\/en\/wp-json\/wp\/v2\/media\/22864"}],"wp:attachment":[{"href":"https:\/\/amgpromocionales.mx\/en\/wp-json\/wp\/v2\/media?parent=39856"}],"wp:term":[{"taxonomy":"product_brand","embeddable":true,"href":"https:\/\/amgpromocionales.mx\/en\/wp-json\/wp\/v2\/genre?post=39856"},{"taxonomy":"product_cat","embeddable":true,"href":"https:\/\/amgpromocionales.mx\/en\/wp-json\/wp\/v2\/product_cat?post=39856"},{"taxonomy":"product_tag","embeddable":true,"href":"https:\/\/amgpromocionales.mx\/en\/wp-json\/wp\/v2\/product_tag?post=39856"}],"curies":[{"name":"wp","href":"https:\/\/api.w.org\/{rel}","templated":true}]}}