{"id":39827,"date":"2025-01-13T00:20:56","date_gmt":"2025-01-13T06:20:56","guid":{"rendered":"https:\/\/amgpromocionales.com.mx\/?post_type=product&#038;p=39827"},"modified":"2025-01-20T23:55:32","modified_gmt":"2025-01-21T05:55:32","slug":"agenda-as2025","status":"publish","type":"product","link":"https:\/\/amgpromocionales.mx\/en\/shop\/agenda-as2025\/","title":{"rendered":"AGENDA AS2025"},"content":{"rendered":"<p>Agenda semanal de 98 hojas (196 p\u00e1ginas). Incluye: cuadro de dedicatoria, hoja de datos personales, calendario 2025 y d\u00edas festivos importantes, calendarios 2024 a 2028, tel\u00e9fonos importantes, planificador de gastos, planificador de proyectos (5), planificador anual, agenda semanal, planificadores mensuales (12), directorio de contactos, hojas para notas, Mapas de transporte: Metro y Metrob\u00fas de CDMX, Macrob\u00fas Guadalajara, Trans-metro Monterrey. Incluye: hoja de stickersy y list\u00f3n separador de color, impreso con el a\u00f1o.<\/p>","protected":false},"excerpt":{"rendered":"<p>Agenda semanal de 98 hojas (196 p\u00e1ginas). Incluye: cuadro de dedicatoria, hoja de datos personales, calendario 2025 y d\u00edas festivos importantes, calendarios 2024 a 2028, tel\u00e9fonos importantes, planificador de gastos, planificador de proyectos (5), planificador anual, agenda semanal, planificadores mensuales (12), directorio de contactos, hojas para notas, Mapas de transporte: Metro y Metrob\u00fas de CDMX, [&hellip;]<\/p>","protected":false},"featured_media":24854,"comment_status":"closed","ping_status":"closed","template":"","meta":[],"genre":[],"product_cat":[263,395],"product_tag":[],"class_list":{"0":"post-39827","1":"product","2":"type-product","3":"status-publish","4":"has-post-thumbnail","6":"product_cat-agendas","7":"product_cat-ver-todo-libretas-y-agendas","9":"first","10":"instock","11":"shipping-taxable","12":"purchasable","13":"product-type-variable"},"_links":{"self":[{"href":"https:\/\/amgpromocionales.mx\/en\/wp-json\/wp\/v2\/product\/39827","targetHints":{"allow":["GET"]}}],"collection":[{"href":"https:\/\/amgpromocionales.mx\/en\/wp-json\/wp\/v2\/product"}],"about":[{"href":"https:\/\/amgpromocionales.mx\/en\/wp-json\/wp\/v2\/types\/product"}],"replies":[{"embeddable":true,"href":"https:\/\/amgpromocionales.mx\/en\/wp-json\/wp\/v2\/comments?post=39827"}],"wp:featuredmedia":[{"embeddable":true,"href":"https:\/\/amgpromocionales.mx\/en\/wp-json\/wp\/v2\/media\/24854"}],"wp:attachment":[{"href":"https:\/\/amgpromocionales.mx\/en\/wp-json\/wp\/v2\/media?parent=39827"}],"wp:term":[{"taxonomy":"product_brand","embeddable":true,"href":"https:\/\/amgpromocionales.mx\/en\/wp-json\/wp\/v2\/genre?post=39827"},{"taxonomy":"product_cat","embeddable":true,"href":"https:\/\/amgpromocionales.mx\/en\/wp-json\/wp\/v2\/product_cat?post=39827"},{"taxonomy":"product_tag","embeddable":true,"href":"https:\/\/amgpromocionales.mx\/en\/wp-json\/wp\/v2\/product_tag?post=39827"}],"curies":[{"name":"wp","href":"https:\/\/api.w.org\/{rel}","templated":true}]}}