{"id":39821,"date":"2025-01-13T00:20:53","date_gmt":"2025-01-13T06:20:53","guid":{"rendered":"https:\/\/amgpromocionales.com.mx\/?post_type=product&#038;p=39821"},"modified":"2025-01-20T23:55:33","modified_gmt":"2025-01-21T05:55:33","slug":"agenda-anb2025","status":"publish","type":"product","link":"https:\/\/amgpromocionales.mx\/en\/shop\/agenda-anb2025\/","title":{"rendered":"AGENDA ANB2025"},"content":{"rendered":"<p>Agenda Semanal de 160 p\u00e1ginas (80 hojas de 70g.) con arillo met\u00e1lico en oro, hojas rayadas y detalles dorados en las esquinas. Incluye: Cuadro de informaci\u00f3n personal, calendario 2024-2026, planificador de gastos, planificador anual, planificador mensual, agenda semanal, directorio de contactos y notas. (Cada p\u00e1gina cuenta con un mini calendario con los d\u00edas de la semana y frase motivacional). Incluye sobre para documentos en la parte interior trasera y resorte en el mismo color de la libreta para un mejor cierre. Presentaci\u00f3n: Bolsa de celof\u00e1n.<\/p>","protected":false},"excerpt":{"rendered":"<p>Agenda Semanal de 160 p\u00e1ginas (80 hojas de 70g.) con arillo met\u00e1lico en oro, hojas rayadas y detalles dorados en las esquinas. Incluye: Cuadro de informaci\u00f3n personal, calendario 2024-2026, planificador de gastos, planificador anual, planificador mensual, agenda semanal, directorio de contactos y notas. (Cada p\u00e1gina cuenta con un mini calendario con los d\u00edas de la [&hellip;]<\/p>","protected":false},"featured_media":24833,"comment_status":"closed","ping_status":"closed","template":"","meta":[],"genre":[],"product_cat":[263,395],"product_tag":[],"class_list":{"0":"post-39821","1":"product","2":"type-product","3":"status-publish","4":"has-post-thumbnail","6":"product_cat-agendas","7":"product_cat-ver-todo-libretas-y-agendas","9":"first","10":"instock","11":"shipping-taxable","12":"purchasable","13":"product-type-variable"},"_links":{"self":[{"href":"https:\/\/amgpromocionales.mx\/en\/wp-json\/wp\/v2\/product\/39821","targetHints":{"allow":["GET"]}}],"collection":[{"href":"https:\/\/amgpromocionales.mx\/en\/wp-json\/wp\/v2\/product"}],"about":[{"href":"https:\/\/amgpromocionales.mx\/en\/wp-json\/wp\/v2\/types\/product"}],"replies":[{"embeddable":true,"href":"https:\/\/amgpromocionales.mx\/en\/wp-json\/wp\/v2\/comments?post=39821"}],"wp:featuredmedia":[{"embeddable":true,"href":"https:\/\/amgpromocionales.mx\/en\/wp-json\/wp\/v2\/media\/24833"}],"wp:attachment":[{"href":"https:\/\/amgpromocionales.mx\/en\/wp-json\/wp\/v2\/media?parent=39821"}],"wp:term":[{"taxonomy":"product_brand","embeddable":true,"href":"https:\/\/amgpromocionales.mx\/en\/wp-json\/wp\/v2\/genre?post=39821"},{"taxonomy":"product_cat","embeddable":true,"href":"https:\/\/amgpromocionales.mx\/en\/wp-json\/wp\/v2\/product_cat?post=39821"},{"taxonomy":"product_tag","embeddable":true,"href":"https:\/\/amgpromocionales.mx\/en\/wp-json\/wp\/v2\/product_tag?post=39821"}],"curies":[{"name":"wp","href":"https:\/\/api.w.org\/{rel}","templated":true}]}}