{"id":39802,"date":"2025-01-13T00:20:13","date_gmt":"2025-01-13T06:20:13","guid":{"rendered":"https:\/\/amgpromocionales.com.mx\/?post_type=product&#038;p=39802"},"modified":"2025-01-20T23:55:33","modified_gmt":"2025-01-21T05:55:33","slug":"agenda-ad2025","status":"publish","type":"product","link":"https:\/\/amgpromocionales.mx\/en\/shop\/agenda-ad2025\/","title":{"rendered":"AGENDA AD2025"},"content":{"rendered":"<p>Agenda diaria de pasta r\u00edgida con cintillo de PU con placa met\u00e1lica en color plata, logotipo y decorado de la pasta tambi\u00e9n en plata.  Interior tipo cuaderno de 170 hojas (340 p\u00e1ginas),  Incluye: cuadro de dedicatoria, hoja de datos personales, calendario 2025 y d\u00edas festivos, calendarios 2024 a 2028, tel\u00e9fonos de inter\u00e9s, planificador anual, planificadores mensuales (12), agenda diaria 365 d\u00edas y directorio de contactos.  Cuenta con resorte sujetador para bol\u00edgrafo y list\u00f3n separador del color de la agenda, impreso con el a\u00f1o.<\/p>","protected":false},"excerpt":{"rendered":"<p>Agenda diaria de pasta r\u00edgida con cintillo de PU con placa met\u00e1lica en color plata, logotipo y decorado de la pasta tambi\u00e9n en plata. Interior tipo cuaderno de 170 hojas (340 p\u00e1ginas), Incluye: cuadro de dedicatoria, hoja de datos personales, calendario 2025 y d\u00edas festivos, calendarios 2024 a 2028, tel\u00e9fonos de inter\u00e9s, planificador anual, planificadores [&hellip;]<\/p>","protected":false},"featured_media":24788,"comment_status":"closed","ping_status":"closed","template":"","meta":[],"genre":[],"product_cat":[263,395],"product_tag":[],"class_list":{"0":"post-39802","1":"product","2":"type-product","3":"status-publish","4":"has-post-thumbnail","6":"product_cat-agendas","7":"product_cat-ver-todo-libretas-y-agendas","9":"first","10":"instock","11":"shipping-taxable","12":"purchasable","13":"product-type-variable"},"_links":{"self":[{"href":"https:\/\/amgpromocionales.mx\/en\/wp-json\/wp\/v2\/product\/39802","targetHints":{"allow":["GET"]}}],"collection":[{"href":"https:\/\/amgpromocionales.mx\/en\/wp-json\/wp\/v2\/product"}],"about":[{"href":"https:\/\/amgpromocionales.mx\/en\/wp-json\/wp\/v2\/types\/product"}],"replies":[{"embeddable":true,"href":"https:\/\/amgpromocionales.mx\/en\/wp-json\/wp\/v2\/comments?post=39802"}],"wp:featuredmedia":[{"embeddable":true,"href":"https:\/\/amgpromocionales.mx\/en\/wp-json\/wp\/v2\/media\/24788"}],"wp:attachment":[{"href":"https:\/\/amgpromocionales.mx\/en\/wp-json\/wp\/v2\/media?parent=39802"}],"wp:term":[{"taxonomy":"product_brand","embeddable":true,"href":"https:\/\/amgpromocionales.mx\/en\/wp-json\/wp\/v2\/genre?post=39802"},{"taxonomy":"product_cat","embeddable":true,"href":"https:\/\/amgpromocionales.mx\/en\/wp-json\/wp\/v2\/product_cat?post=39802"},{"taxonomy":"product_tag","embeddable":true,"href":"https:\/\/amgpromocionales.mx\/en\/wp-json\/wp\/v2\/product_tag?post=39802"}],"curies":[{"name":"wp","href":"https:\/\/api.w.org\/{rel}","templated":true}]}}