{"id":39778,"date":"2025-01-13T00:19:44","date_gmt":"2025-01-13T06:19:44","guid":{"rendered":"https:\/\/amgpromocionales.com.mx\/?post_type=product&#038;p=39778"},"modified":"2025-01-19T18:05:11","modified_gmt":"2025-01-20T00:05:11","slug":"llavero-a3073","status":"publish","type":"product","link":"https:\/\/amgpromocionales.mx\/en\/shop\/llavero-a3073\/","title":{"rendered":"LLAVERO A3073"},"content":{"rendered":"<p>Llavero met\u00e1lico en forma de auto de carreras con placa de aleaci\u00f3n de zinc y arillo reforzado. Presentaci\u00f3n: Caja individual de kraft.<\/p>","protected":false},"excerpt":{"rendered":"<p>Llavero met\u00e1lico en forma de auto de carreras con placa de aleaci\u00f3n de zinc y arillo reforzado. Presentaci\u00f3n: Caja individual de kraft.<\/p>","protected":false},"featured_media":23292,"comment_status":"closed","ping_status":"closed","template":"","meta":[],"genre":[],"product_cat":[308],"product_tag":[],"class_list":{"0":"post-39778","1":"product","2":"type-product","3":"status-publish","4":"has-post-thumbnail","6":"product_cat-llaveros","8":"first","9":"instock","10":"shipping-taxable","11":"purchasable","12":"product-type-simple"},"_links":{"self":[{"href":"https:\/\/amgpromocionales.mx\/en\/wp-json\/wp\/v2\/product\/39778","targetHints":{"allow":["GET"]}}],"collection":[{"href":"https:\/\/amgpromocionales.mx\/en\/wp-json\/wp\/v2\/product"}],"about":[{"href":"https:\/\/amgpromocionales.mx\/en\/wp-json\/wp\/v2\/types\/product"}],"replies":[{"embeddable":true,"href":"https:\/\/amgpromocionales.mx\/en\/wp-json\/wp\/v2\/comments?post=39778"}],"wp:featuredmedia":[{"embeddable":true,"href":"https:\/\/amgpromocionales.mx\/en\/wp-json\/wp\/v2\/media\/23292"}],"wp:attachment":[{"href":"https:\/\/amgpromocionales.mx\/en\/wp-json\/wp\/v2\/media?parent=39778"}],"wp:term":[{"taxonomy":"product_brand","embeddable":true,"href":"https:\/\/amgpromocionales.mx\/en\/wp-json\/wp\/v2\/genre?post=39778"},{"taxonomy":"product_cat","embeddable":true,"href":"https:\/\/amgpromocionales.mx\/en\/wp-json\/wp\/v2\/product_cat?post=39778"},{"taxonomy":"product_tag","embeddable":true,"href":"https:\/\/amgpromocionales.mx\/en\/wp-json\/wp\/v2\/product_tag?post=39778"}],"curies":[{"name":"wp","href":"https:\/\/api.w.org\/{rel}","templated":true}]}}