{"id":39747,"date":"2025-01-13T00:19:14","date_gmt":"2025-01-13T06:19:14","guid":{"rendered":"https:\/\/amgpromocionales.com.mx\/?post_type=product&#038;p=39747"},"modified":"2025-01-20T23:45:25","modified_gmt":"2025-01-21T05:45:25","slug":"lampara-a3044","status":"publish","type":"product","link":"https:\/\/amgpromocionales.mx\/en\/shop\/lampara-a3044\/","title":{"rendered":"L\u00c1MPARA A3044"},"content":{"rendered":"<p>L\u00e1mpara frontal de luz LED de (3W) resistente a la lluvia, con bot\u00f3n de encendido y apagado, 3 modalidades de luz y cinta de resorte con broche para ajustar. Utiliza 3 bater\u00edas AAA (incluidas). Presentaci\u00f3n: Caja de regalo a color.<\/p>","protected":false},"excerpt":{"rendered":"<p>L\u00e1mpara frontal de luz LED de (3W) resistente a la lluvia, con bot\u00f3n de encendido y apagado, 3 modalidades de luz y cinta de resorte con broche para ajustar. Utiliza 3 bater\u00edas AAA (incluidas). Presentaci\u00f3n: Caja de regalo a color.<\/p>","protected":false},"featured_media":23262,"comment_status":"closed","ping_status":"closed","template":"","meta":[],"genre":[],"product_cat":[373,393],"product_tag":[],"class_list":{"0":"post-39747","1":"product","2":"type-product","3":"status-publish","4":"has-post-thumbnail","6":"product_cat-linternas","7":"product_cat-ver-todo-herramientas","9":"first","10":"instock","11":"shipping-taxable","12":"purchasable","13":"product-type-simple"},"_links":{"self":[{"href":"https:\/\/amgpromocionales.mx\/en\/wp-json\/wp\/v2\/product\/39747","targetHints":{"allow":["GET"]}}],"collection":[{"href":"https:\/\/amgpromocionales.mx\/en\/wp-json\/wp\/v2\/product"}],"about":[{"href":"https:\/\/amgpromocionales.mx\/en\/wp-json\/wp\/v2\/types\/product"}],"replies":[{"embeddable":true,"href":"https:\/\/amgpromocionales.mx\/en\/wp-json\/wp\/v2\/comments?post=39747"}],"wp:featuredmedia":[{"embeddable":true,"href":"https:\/\/amgpromocionales.mx\/en\/wp-json\/wp\/v2\/media\/23262"}],"wp:attachment":[{"href":"https:\/\/amgpromocionales.mx\/en\/wp-json\/wp\/v2\/media?parent=39747"}],"wp:term":[{"taxonomy":"product_brand","embeddable":true,"href":"https:\/\/amgpromocionales.mx\/en\/wp-json\/wp\/v2\/genre?post=39747"},{"taxonomy":"product_cat","embeddable":true,"href":"https:\/\/amgpromocionales.mx\/en\/wp-json\/wp\/v2\/product_cat?post=39747"},{"taxonomy":"product_tag","embeddable":true,"href":"https:\/\/amgpromocionales.mx\/en\/wp-json\/wp\/v2\/product_tag?post=39747"}],"curies":[{"name":"wp","href":"https:\/\/api.w.org\/{rel}","templated":true}]}}