{"id":39722,"date":"2025-01-13T00:18:47","date_gmt":"2025-01-13T06:18:47","guid":{"rendered":"https:\/\/amgpromocionales.com.mx\/?post_type=product&#038;p=39722"},"modified":"2025-01-20T23:52:23","modified_gmt":"2025-01-21T05:52:23","slug":"set-a3033","status":"publish","type":"product","link":"https:\/\/amgpromocionales.mx\/en\/shop\/set-a3033\/","title":{"rendered":"SET A3033"},"content":{"rendered":"<p>Set para whisky que incluye: 2 vasos de cristal, pinzas de acero inoxidable con puntas de silic\u00f3n, 4 hielos de acero inoxidable y 2 portavasos y base de bamb\u00fa para colocar los accesorios. Presentaci\u00f3n: Caja en color negro.<\/p>","protected":false},"excerpt":{"rendered":"<p>Set para whisky que incluye: 2 vasos de cristal, pinzas de acero inoxidable con puntas de silic\u00f3n, 4 hielos de acero inoxidable y 2 portavasos y base de bamb\u00fa para colocar los accesorios. Presentaci\u00f3n: Caja en color negro.<\/p>","protected":false},"featured_media":22831,"comment_status":"closed","ping_status":"closed","template":"","meta":[],"genre":[],"product_cat":[282,394],"product_tag":[],"class_list":{"0":"post-39722","1":"product","2":"type-product","3":"status-publish","4":"has-post-thumbnail","6":"product_cat-accesorios-para-vinos","7":"product_cat-ver-todo-hogar","9":"first","10":"instock","11":"shipping-taxable","12":"purchasable","13":"product-type-simple"},"_links":{"self":[{"href":"https:\/\/amgpromocionales.mx\/en\/wp-json\/wp\/v2\/product\/39722","targetHints":{"allow":["GET"]}}],"collection":[{"href":"https:\/\/amgpromocionales.mx\/en\/wp-json\/wp\/v2\/product"}],"about":[{"href":"https:\/\/amgpromocionales.mx\/en\/wp-json\/wp\/v2\/types\/product"}],"replies":[{"embeddable":true,"href":"https:\/\/amgpromocionales.mx\/en\/wp-json\/wp\/v2\/comments?post=39722"}],"wp:featuredmedia":[{"embeddable":true,"href":"https:\/\/amgpromocionales.mx\/en\/wp-json\/wp\/v2\/media\/22831"}],"wp:attachment":[{"href":"https:\/\/amgpromocionales.mx\/en\/wp-json\/wp\/v2\/media?parent=39722"}],"wp:term":[{"taxonomy":"product_brand","embeddable":true,"href":"https:\/\/amgpromocionales.mx\/en\/wp-json\/wp\/v2\/genre?post=39722"},{"taxonomy":"product_cat","embeddable":true,"href":"https:\/\/amgpromocionales.mx\/en\/wp-json\/wp\/v2\/product_cat?post=39722"},{"taxonomy":"product_tag","embeddable":true,"href":"https:\/\/amgpromocionales.mx\/en\/wp-json\/wp\/v2\/product_tag?post=39722"}],"curies":[{"name":"wp","href":"https:\/\/api.w.org\/{rel}","templated":true}]}}