{"id":39706,"date":"2025-01-13T00:18:43","date_gmt":"2025-01-13T06:18:43","guid":{"rendered":"https:\/\/amgpromocionales.com.mx\/?post_type=product&#038;p=39706"},"modified":"2025-01-21T00:53:57","modified_gmt":"2025-01-21T06:53:57","slug":"lentes-a3024","status":"publish","type":"product","link":"https:\/\/amgpromocionales.mx\/en\/shop\/lentes-a3024\/","title":{"rendered":"LENTES A3024"},"content":{"rendered":"<p>Lentes de sol  con mica de protecci\u00f3n solar UV400, con varillas de bamb\u00fa. Incluye funda de poli\u00e9ster con cordones para guardar.<\/p>","protected":false},"excerpt":{"rendered":"<p>Lentes de sol con mica de protecci\u00f3n solar UV400, con varillas de bamb\u00fa. Incluye funda de poli\u00e9ster con cordones para guardar.<\/p>","protected":false},"featured_media":30791,"comment_status":"closed","ping_status":"closed","template":"","meta":[],"genre":[],"product_cat":[327,400],"product_tag":[],"class_list":{"0":"post-39706","1":"product","2":"type-product","3":"status-publish","4":"has-post-thumbnail","6":"product_cat-deportes","7":"product_cat-ver-todo-tiempo-libre","9":"first","10":"instock","11":"shipping-taxable","12":"purchasable","13":"product-type-simple"},"_links":{"self":[{"href":"https:\/\/amgpromocionales.mx\/en\/wp-json\/wp\/v2\/product\/39706","targetHints":{"allow":["GET"]}}],"collection":[{"href":"https:\/\/amgpromocionales.mx\/en\/wp-json\/wp\/v2\/product"}],"about":[{"href":"https:\/\/amgpromocionales.mx\/en\/wp-json\/wp\/v2\/types\/product"}],"replies":[{"embeddable":true,"href":"https:\/\/amgpromocionales.mx\/en\/wp-json\/wp\/v2\/comments?post=39706"}],"wp:featuredmedia":[{"embeddable":true,"href":"https:\/\/amgpromocionales.mx\/en\/wp-json\/wp\/v2\/media\/30791"}],"wp:attachment":[{"href":"https:\/\/amgpromocionales.mx\/en\/wp-json\/wp\/v2\/media?parent=39706"}],"wp:term":[{"taxonomy":"product_brand","embeddable":true,"href":"https:\/\/amgpromocionales.mx\/en\/wp-json\/wp\/v2\/genre?post=39706"},{"taxonomy":"product_cat","embeddable":true,"href":"https:\/\/amgpromocionales.mx\/en\/wp-json\/wp\/v2\/product_cat?post=39706"},{"taxonomy":"product_tag","embeddable":true,"href":"https:\/\/amgpromocionales.mx\/en\/wp-json\/wp\/v2\/product_tag?post=39706"}],"curies":[{"name":"wp","href":"https:\/\/api.w.org\/{rel}","templated":true}]}}