{"id":39705,"date":"2025-01-13T00:18:43","date_gmt":"2025-01-13T06:18:43","guid":{"rendered":"https:\/\/amgpromocionales.com.mx\/?post_type=product&#038;p=39705"},"modified":"2025-01-20T23:49:54","modified_gmt":"2025-01-21T05:49:54","slug":"tabla-a3023","status":"publish","type":"product","link":"https:\/\/amgpromocionales.mx\/en\/shop\/tabla-a3023\/","title":{"rendered":"TABLA A3023"},"content":{"rendered":"<p>Tabla para quesos y carnes fr\u00edas de bamb\u00fa que incluye: 1 cuchillo y 1 tenedor de acero inoxidable con mango de madera. La tabla cuenta con 2 im\u00e1nes y 2 compartimentos para colocar los utensilios y un arillo de silic\u00f3n para sostener la tabla o colgar. Presentaci\u00f3n: caja en color blanco.<\/p>","protected":false},"excerpt":{"rendered":"<p>Tabla para quesos y carnes fr\u00edas de bamb\u00fa que incluye: 1 cuchillo y 1 tenedor de acero inoxidable con mango de madera. La tabla cuenta con 2 im\u00e1nes y 2 compartimentos para colocar los utensilios y un arillo de silic\u00f3n para sostener la tabla o colgar. Presentaci\u00f3n: caja en color blanco.<\/p>","protected":false},"featured_media":22794,"comment_status":"closed","ping_status":"closed","template":"","meta":[],"genre":[],"product_cat":[296,394],"product_tag":[],"class_list":{"0":"post-39705","1":"product","2":"type-product","3":"status-publish","4":"has-post-thumbnail","6":"product_cat-accesorios-de-cocina","7":"product_cat-ver-todo-hogar","9":"first","10":"instock","11":"shipping-taxable","12":"purchasable","13":"product-type-simple"},"_links":{"self":[{"href":"https:\/\/amgpromocionales.mx\/en\/wp-json\/wp\/v2\/product\/39705","targetHints":{"allow":["GET"]}}],"collection":[{"href":"https:\/\/amgpromocionales.mx\/en\/wp-json\/wp\/v2\/product"}],"about":[{"href":"https:\/\/amgpromocionales.mx\/en\/wp-json\/wp\/v2\/types\/product"}],"replies":[{"embeddable":true,"href":"https:\/\/amgpromocionales.mx\/en\/wp-json\/wp\/v2\/comments?post=39705"}],"wp:featuredmedia":[{"embeddable":true,"href":"https:\/\/amgpromocionales.mx\/en\/wp-json\/wp\/v2\/media\/22794"}],"wp:attachment":[{"href":"https:\/\/amgpromocionales.mx\/en\/wp-json\/wp\/v2\/media?parent=39705"}],"wp:term":[{"taxonomy":"product_brand","embeddable":true,"href":"https:\/\/amgpromocionales.mx\/en\/wp-json\/wp\/v2\/genre?post=39705"},{"taxonomy":"product_cat","embeddable":true,"href":"https:\/\/amgpromocionales.mx\/en\/wp-json\/wp\/v2\/product_cat?post=39705"},{"taxonomy":"product_tag","embeddable":true,"href":"https:\/\/amgpromocionales.mx\/en\/wp-json\/wp\/v2\/product_tag?post=39705"}],"curies":[{"name":"wp","href":"https:\/\/api.w.org\/{rel}","templated":true}]}}