{"id":39694,"date":"2025-01-13T00:18:23","date_gmt":"2025-01-13T06:18:23","guid":{"rendered":"https:\/\/amgpromocionales.com.mx\/?post_type=product&#038;p=39694"},"modified":"2025-01-21T00:56:16","modified_gmt":"2025-01-21T06:56:16","slug":"funda-a3021","status":"publish","type":"product","link":"https:\/\/amgpromocionales.mx\/en\/shop\/funda-a3021\/","title":{"rendered":"FUNDA A3021"},"content":{"rendered":"<p>Funda a prueba de agua con 3 cierres herm\u00e9ticos y tira de pegol, con cinta para colgar y broche ajustable. A trav\u00e9s de la superficie de la funda puedes utilizar el tel\u00e9fono desde el exterior.<\/p>","protected":false},"excerpt":{"rendered":"<p>Funda a prueba de agua con 3 cierres herm\u00e9ticos y tira de pegol, con cinta para colgar y broche ajustable. A trav\u00e9s de la superficie de la funda puedes utilizar el tel\u00e9fono desde el exterior.<\/p>","protected":false},"featured_media":30778,"comment_status":"closed","ping_status":"closed","template":"","meta":[],"genre":[],"product_cat":[400,276],"product_tag":[],"class_list":{"0":"post-39694","1":"product","2":"type-product","3":"status-publish","4":"has-post-thumbnail","6":"product_cat-ver-todo-tiempo-libre","7":"product_cat-viajes","9":"first","10":"instock","11":"shipping-taxable","12":"purchasable","13":"product-type-variable"},"_links":{"self":[{"href":"https:\/\/amgpromocionales.mx\/en\/wp-json\/wp\/v2\/product\/39694","targetHints":{"allow":["GET"]}}],"collection":[{"href":"https:\/\/amgpromocionales.mx\/en\/wp-json\/wp\/v2\/product"}],"about":[{"href":"https:\/\/amgpromocionales.mx\/en\/wp-json\/wp\/v2\/types\/product"}],"replies":[{"embeddable":true,"href":"https:\/\/amgpromocionales.mx\/en\/wp-json\/wp\/v2\/comments?post=39694"}],"wp:featuredmedia":[{"embeddable":true,"href":"https:\/\/amgpromocionales.mx\/en\/wp-json\/wp\/v2\/media\/30778"}],"wp:attachment":[{"href":"https:\/\/amgpromocionales.mx\/en\/wp-json\/wp\/v2\/media?parent=39694"}],"wp:term":[{"taxonomy":"product_brand","embeddable":true,"href":"https:\/\/amgpromocionales.mx\/en\/wp-json\/wp\/v2\/genre?post=39694"},{"taxonomy":"product_cat","embeddable":true,"href":"https:\/\/amgpromocionales.mx\/en\/wp-json\/wp\/v2\/product_cat?post=39694"},{"taxonomy":"product_tag","embeddable":true,"href":"https:\/\/amgpromocionales.mx\/en\/wp-json\/wp\/v2\/product_tag?post=39694"}],"curies":[{"name":"wp","href":"https:\/\/api.w.org\/{rel}","templated":true}]}}