{"id":39685,"date":"2025-01-13T00:18:20","date_gmt":"2025-01-13T06:18:20","guid":{"rendered":"https:\/\/amgpromocionales.com.mx\/?post_type=product&#038;p=39685"},"modified":"2025-01-20T23:57:54","modified_gmt":"2025-01-21T05:57:54","slug":"set-a3018","status":"publish","type":"product","link":"https:\/\/amgpromocionales.mx\/en\/shop\/set-a3018\/","title":{"rendered":"SET A3018"},"content":{"rendered":"<p>Set de libreta con bol\u00edgrafo met\u00e1lico. La libreta cuenta con pasta flexible, con textura de l\u00edneas verticales en la parte superior y \u00e1rea lisa en la parte inferior para poder personalizarse f\u00e1cilmente. Es de 96 hojas rayadas (192 p\u00e1ginas), papel de 80 gr. color crema. Tiene list\u00f3n separador en color de la pasta. Incluye bol\u00edgrafo de aluminio del color de la libreta con touch screen y detalles en cromo. Presentaci\u00f3n: Caja de regalo en color negro.<\/p>","protected":false},"excerpt":{"rendered":"<p>Set de libreta con bol\u00edgrafo met\u00e1lico. La libreta cuenta con pasta flexible, con textura de l\u00edneas verticales en la parte superior y \u00e1rea lisa en la parte inferior para poder personalizarse f\u00e1cilmente. Es de 96 hojas rayadas (192 p\u00e1ginas), papel de 80 gr. color crema. Tiene list\u00f3n separador en color de la pasta. Incluye bol\u00edgrafo [&hellip;]<\/p>","protected":false},"featured_media":24744,"comment_status":"closed","ping_status":"closed","template":"","meta":[],"genre":[],"product_cat":[314,395],"product_tag":[],"class_list":{"0":"post-39685","1":"product","2":"type-product","3":"status-publish","4":"has-post-thumbnail","6":"product_cat-libretas-libretas-y-agendas","7":"product_cat-ver-todo-libretas-y-agendas","9":"first","10":"instock","11":"shipping-taxable","12":"purchasable","13":"product-type-variable"},"_links":{"self":[{"href":"https:\/\/amgpromocionales.mx\/en\/wp-json\/wp\/v2\/product\/39685","targetHints":{"allow":["GET"]}}],"collection":[{"href":"https:\/\/amgpromocionales.mx\/en\/wp-json\/wp\/v2\/product"}],"about":[{"href":"https:\/\/amgpromocionales.mx\/en\/wp-json\/wp\/v2\/types\/product"}],"replies":[{"embeddable":true,"href":"https:\/\/amgpromocionales.mx\/en\/wp-json\/wp\/v2\/comments?post=39685"}],"wp:featuredmedia":[{"embeddable":true,"href":"https:\/\/amgpromocionales.mx\/en\/wp-json\/wp\/v2\/media\/24744"}],"wp:attachment":[{"href":"https:\/\/amgpromocionales.mx\/en\/wp-json\/wp\/v2\/media?parent=39685"}],"wp:term":[{"taxonomy":"product_brand","embeddable":true,"href":"https:\/\/amgpromocionales.mx\/en\/wp-json\/wp\/v2\/genre?post=39685"},{"taxonomy":"product_cat","embeddable":true,"href":"https:\/\/amgpromocionales.mx\/en\/wp-json\/wp\/v2\/product_cat?post=39685"},{"taxonomy":"product_tag","embeddable":true,"href":"https:\/\/amgpromocionales.mx\/en\/wp-json\/wp\/v2\/product_tag?post=39685"}],"curies":[{"name":"wp","href":"https:\/\/api.w.org\/{rel}","templated":true}]}}