{"id":39660,"date":"2025-01-13T00:18:00","date_gmt":"2025-01-13T06:18:00","guid":{"rendered":"https:\/\/amgpromocionales.com.mx\/?post_type=product&#038;p=39660"},"modified":"2025-01-20T23:49:54","modified_gmt":"2025-01-21T05:49:54","slug":"recipiente-a3010","status":"publish","type":"product","link":"https:\/\/amgpromocionales.mx\/en\/shop\/recipiente-a3010\/","title":{"rendered":"RECIPIENTE A3010"},"content":{"rendered":"<p>Recipiente de acero inoxidable con escala de medida de 2000 ml. Contiene una tapa, cuchara y tenedor de bamb\u00fa con im\u00e1n. Presentaci\u00f3n: Caja en color blanco.<\/p>","protected":false},"excerpt":{"rendered":"<p>Recipiente de acero inoxidable con escala de medida de 2000 ml. Contiene una tapa, cuchara y tenedor de bamb\u00fa con im\u00e1n. Presentaci\u00f3n: Caja en color blanco.<\/p>","protected":false},"featured_media":22696,"comment_status":"closed","ping_status":"closed","template":"","meta":[],"genre":[],"product_cat":[296,394],"product_tag":[],"class_list":{"0":"post-39660","1":"product","2":"type-product","3":"status-publish","4":"has-post-thumbnail","6":"product_cat-accesorios-de-cocina","7":"product_cat-ver-todo-hogar","9":"first","10":"instock","11":"shipping-taxable","12":"purchasable","13":"product-type-simple"},"_links":{"self":[{"href":"https:\/\/amgpromocionales.mx\/en\/wp-json\/wp\/v2\/product\/39660","targetHints":{"allow":["GET"]}}],"collection":[{"href":"https:\/\/amgpromocionales.mx\/en\/wp-json\/wp\/v2\/product"}],"about":[{"href":"https:\/\/amgpromocionales.mx\/en\/wp-json\/wp\/v2\/types\/product"}],"replies":[{"embeddable":true,"href":"https:\/\/amgpromocionales.mx\/en\/wp-json\/wp\/v2\/comments?post=39660"}],"wp:featuredmedia":[{"embeddable":true,"href":"https:\/\/amgpromocionales.mx\/en\/wp-json\/wp\/v2\/media\/22696"}],"wp:attachment":[{"href":"https:\/\/amgpromocionales.mx\/en\/wp-json\/wp\/v2\/media?parent=39660"}],"wp:term":[{"taxonomy":"product_brand","embeddable":true,"href":"https:\/\/amgpromocionales.mx\/en\/wp-json\/wp\/v2\/genre?post=39660"},{"taxonomy":"product_cat","embeddable":true,"href":"https:\/\/amgpromocionales.mx\/en\/wp-json\/wp\/v2\/product_cat?post=39660"},{"taxonomy":"product_tag","embeddable":true,"href":"https:\/\/amgpromocionales.mx\/en\/wp-json\/wp\/v2\/product_tag?post=39660"}],"curies":[{"name":"wp","href":"https:\/\/api.w.org\/{rel}","templated":true}]}}