{"id":39603,"date":"2025-01-12T23:52:57","date_gmt":"2025-01-13T05:52:57","guid":{"rendered":"https:\/\/amgpromocionales.com.mx\/?post_type=product&#038;p=39603"},"modified":"2025-01-21T00:27:29","modified_gmt":"2025-01-21T06:27:29","slug":"bateria-a3002","status":"publish","type":"product","link":"https:\/\/amgpromocionales.mx\/en\/shop\/bateria-a3002\/","title":{"rendered":"BATER\u00cdA A3002"},"content":{"rendered":"<p>Bater\u00eda port\u00e1til 4 en 1 de carga r\u00e1pida (22.5W) con capacidad de 10,000 mAh, con asa de silic\u00f3n para transportar. Cuenta con bot\u00f3n de encendido\/apagado, pantalla LED que indica el porcentaje de carga, linterna LED, 2 puertos de carga USB, 1 puerto de carga tipo C, 1 puerto de carga micro USB. Incluye 4 cables de salida para cargar dispositivos m\u00f3viles: 1 cable para iPhone, 1 cable USB, 1 cable micro USB, 1 cable tipo C. Compatible con dispositivos Android e iOS. Presentaci\u00f3n: Caja de regalo a color.<\/p>","protected":false},"excerpt":{"rendered":"<p>Bater\u00eda port\u00e1til 4 en 1 de carga r\u00e1pida (22.5W) con capacidad de 10,000 mAh, con asa de silic\u00f3n para transportar. Cuenta con bot\u00f3n de encendido\/apagado, pantalla LED que indica el porcentaje de carga, linterna LED, 2 puertos de carga USB, 1 puerto de carga tipo C, 1 puerto de carga micro USB. Incluye 4 cables [&hellip;]<\/p>","protected":false},"featured_media":26729,"comment_status":"closed","ping_status":"closed","template":"","meta":[],"genre":[],"product_cat":[321,398],"product_tag":[],"class_list":{"0":"post-39603","1":"product","2":"type-product","3":"status-publish","4":"has-post-thumbnail","6":"product_cat-power-banks","7":"product_cat-ver-todo-tecnologia","9":"first","10":"instock","11":"shipping-taxable","12":"purchasable","13":"product-type-simple"},"_links":{"self":[{"href":"https:\/\/amgpromocionales.mx\/en\/wp-json\/wp\/v2\/product\/39603","targetHints":{"allow":["GET"]}}],"collection":[{"href":"https:\/\/amgpromocionales.mx\/en\/wp-json\/wp\/v2\/product"}],"about":[{"href":"https:\/\/amgpromocionales.mx\/en\/wp-json\/wp\/v2\/types\/product"}],"replies":[{"embeddable":true,"href":"https:\/\/amgpromocionales.mx\/en\/wp-json\/wp\/v2\/comments?post=39603"}],"wp:featuredmedia":[{"embeddable":true,"href":"https:\/\/amgpromocionales.mx\/en\/wp-json\/wp\/v2\/media\/26729"}],"wp:attachment":[{"href":"https:\/\/amgpromocionales.mx\/en\/wp-json\/wp\/v2\/media?parent=39603"}],"wp:term":[{"taxonomy":"product_brand","embeddable":true,"href":"https:\/\/amgpromocionales.mx\/en\/wp-json\/wp\/v2\/genre?post=39603"},{"taxonomy":"product_cat","embeddable":true,"href":"https:\/\/amgpromocionales.mx\/en\/wp-json\/wp\/v2\/product_cat?post=39603"},{"taxonomy":"product_tag","embeddable":true,"href":"https:\/\/amgpromocionales.mx\/en\/wp-json\/wp\/v2\/product_tag?post=39603"}],"curies":[{"name":"wp","href":"https:\/\/api.w.org\/{rel}","templated":true}]}}