{"id":39600,"date":"2025-01-12T23:52:34","date_gmt":"2025-01-13T05:52:34","guid":{"rendered":"https:\/\/amgpromocionales.com.mx\/?post_type=product&#038;p=39600"},"modified":"2025-01-21T00:25:47","modified_gmt":"2025-01-21T06:25:47","slug":"cargador-a2999","status":"publish","type":"product","link":"https:\/\/amgpromocionales.mx\/en\/shop\/cargador-a2999\/","title":{"rendered":"CARGADOR A2999"},"content":{"rendered":"<p>Cargador magn\u00e9tico inal\u00e1mbrico de carga r\u00e1pida Qi (15W) 3 en 1 para dispositivos electr\u00f3nicos. Incluye: compartimento de carga para celular (15W), reloj inteligente (3W Carga solo dispositivos iWATCH) y aud\u00edfonos (5W), cuenta con base para iWATCH y dispositivo m\u00f3vil plegable, luz LED multicolor, bot\u00f3n de encendido\/apagado que funciona como modelador de la luz LED. Puerto de carga tipo C. Incluye cargador. Compatible con dispositivos iOS. Presentaci\u00f3n: caja de regalo a color. (Verifique la compatibilidad con sus dispositivos m\u00f3viles).<\/p>","protected":false},"excerpt":{"rendered":"<p>Cargador magn\u00e9tico inal\u00e1mbrico de carga r\u00e1pida Qi (15W) 3 en 1 para dispositivos electr\u00f3nicos. Incluye: compartimento de carga para celular (15W), reloj inteligente (3W Carga solo dispositivos iWATCH) y aud\u00edfonos (5W), cuenta con base para iWATCH y dispositivo m\u00f3vil plegable, luz LED multicolor, bot\u00f3n de encendido\/apagado que funciona como modelador de la luz LED. Puerto [&hellip;]<\/p>","protected":false},"featured_media":26706,"comment_status":"closed","ping_status":"closed","template":"","meta":[],"genre":[],"product_cat":[322,398],"product_tag":[],"class_list":{"0":"post-39600","1":"product","2":"type-product","3":"status-publish","4":"has-post-thumbnail","6":"product_cat-cargadores-y-accesorios","7":"product_cat-ver-todo-tecnologia","9":"first","10":"instock","11":"shipping-taxable","12":"purchasable","13":"product-type-simple"},"_links":{"self":[{"href":"https:\/\/amgpromocionales.mx\/en\/wp-json\/wp\/v2\/product\/39600","targetHints":{"allow":["GET"]}}],"collection":[{"href":"https:\/\/amgpromocionales.mx\/en\/wp-json\/wp\/v2\/product"}],"about":[{"href":"https:\/\/amgpromocionales.mx\/en\/wp-json\/wp\/v2\/types\/product"}],"replies":[{"embeddable":true,"href":"https:\/\/amgpromocionales.mx\/en\/wp-json\/wp\/v2\/comments?post=39600"}],"wp:featuredmedia":[{"embeddable":true,"href":"https:\/\/amgpromocionales.mx\/en\/wp-json\/wp\/v2\/media\/26706"}],"wp:attachment":[{"href":"https:\/\/amgpromocionales.mx\/en\/wp-json\/wp\/v2\/media?parent=39600"}],"wp:term":[{"taxonomy":"product_brand","embeddable":true,"href":"https:\/\/amgpromocionales.mx\/en\/wp-json\/wp\/v2\/genre?post=39600"},{"taxonomy":"product_cat","embeddable":true,"href":"https:\/\/amgpromocionales.mx\/en\/wp-json\/wp\/v2\/product_cat?post=39600"},{"taxonomy":"product_tag","embeddable":true,"href":"https:\/\/amgpromocionales.mx\/en\/wp-json\/wp\/v2\/product_tag?post=39600"}],"curies":[{"name":"wp","href":"https:\/\/api.w.org\/{rel}","templated":true}]}}