{"id":39536,"date":"2025-01-12T23:51:27","date_gmt":"2025-01-13T05:51:27","guid":{"rendered":"https:\/\/amgpromocionales.com.mx\/?post_type=product&#038;p=39536"},"modified":"2025-01-19T18:02:56","modified_gmt":"2025-01-20T00:02:56","slug":"tarro-a2976","status":"publish","type":"product","link":"https:\/\/amgpromocionales.mx\/en\/shop\/tarro-a2976\/","title":{"rendered":"TARRO A2976"},"content":{"rendered":"<p>Tarro de vidrio satinado para sublimaci\u00f3n, con asa en forma de coraz\u00f3n. CAP. 340 ml. (11 OZ.)  Venta en m\u00faltiplos de 12.<\/p>","protected":false},"excerpt":{"rendered":"<p>Tarro de vidrio satinado para sublimaci\u00f3n, con asa en forma de coraz\u00f3n. CAP. 340 ml. (11 OZ.) Venta en m\u00faltiplos de 12.<\/p>","protected":false},"featured_media":25969,"comment_status":"closed","ping_status":"closed","template":"","meta":[],"genre":[],"product_cat":[317],"product_tag":[],"class_list":{"0":"post-39536","1":"product","2":"type-product","3":"status-publish","4":"has-post-thumbnail","6":"product_cat-sublimacion","8":"first","9":"instock","10":"shipping-taxable","11":"purchasable","12":"product-type-simple"},"_links":{"self":[{"href":"https:\/\/amgpromocionales.mx\/en\/wp-json\/wp\/v2\/product\/39536","targetHints":{"allow":["GET"]}}],"collection":[{"href":"https:\/\/amgpromocionales.mx\/en\/wp-json\/wp\/v2\/product"}],"about":[{"href":"https:\/\/amgpromocionales.mx\/en\/wp-json\/wp\/v2\/types\/product"}],"replies":[{"embeddable":true,"href":"https:\/\/amgpromocionales.mx\/en\/wp-json\/wp\/v2\/comments?post=39536"}],"wp:featuredmedia":[{"embeddable":true,"href":"https:\/\/amgpromocionales.mx\/en\/wp-json\/wp\/v2\/media\/25969"}],"wp:attachment":[{"href":"https:\/\/amgpromocionales.mx\/en\/wp-json\/wp\/v2\/media?parent=39536"}],"wp:term":[{"taxonomy":"product_brand","embeddable":true,"href":"https:\/\/amgpromocionales.mx\/en\/wp-json\/wp\/v2\/genre?post=39536"},{"taxonomy":"product_cat","embeddable":true,"href":"https:\/\/amgpromocionales.mx\/en\/wp-json\/wp\/v2\/product_cat?post=39536"},{"taxonomy":"product_tag","embeddable":true,"href":"https:\/\/amgpromocionales.mx\/en\/wp-json\/wp\/v2\/product_tag?post=39536"}],"curies":[{"name":"wp","href":"https:\/\/api.w.org\/{rel}","templated":true}]}}