{"id":39534,"date":"2025-01-12T23:51:27","date_gmt":"2025-01-13T05:51:27","guid":{"rendered":"https:\/\/amgpromocionales.com.mx\/?post_type=product&#038;p=39534"},"modified":"2025-01-19T18:02:55","modified_gmt":"2025-01-20T00:02:55","slug":"juego-a2974","status":"publish","type":"product","link":"https:\/\/amgpromocionales.mx\/en\/shop\/juego-a2974\/","title":{"rendered":"JUEGO A2974"},"content":{"rendered":"<p>Juego de caf\u00e9 o t\u00e9 para sublimar, incluye 4 tazas con su plato. CAP. 90 ml. (3 OZ). Presentaci\u00f3n: caja en color Kraft.<\/p>","protected":false},"excerpt":{"rendered":"<p>Juego de caf\u00e9 o t\u00e9 para sublimar, incluye 4 tazas con su plato. CAP. 90 ml. (3 OZ). Presentaci\u00f3n: caja en color Kraft.<\/p>","protected":false},"featured_media":25964,"comment_status":"closed","ping_status":"closed","template":"","meta":[],"genre":[],"product_cat":[317],"product_tag":[],"class_list":{"0":"post-39534","1":"product","2":"type-product","3":"status-publish","4":"has-post-thumbnail","6":"product_cat-sublimacion","8":"first","9":"instock","10":"shipping-taxable","11":"purchasable","12":"product-type-simple"},"_links":{"self":[{"href":"https:\/\/amgpromocionales.mx\/en\/wp-json\/wp\/v2\/product\/39534","targetHints":{"allow":["GET"]}}],"collection":[{"href":"https:\/\/amgpromocionales.mx\/en\/wp-json\/wp\/v2\/product"}],"about":[{"href":"https:\/\/amgpromocionales.mx\/en\/wp-json\/wp\/v2\/types\/product"}],"replies":[{"embeddable":true,"href":"https:\/\/amgpromocionales.mx\/en\/wp-json\/wp\/v2\/comments?post=39534"}],"wp:featuredmedia":[{"embeddable":true,"href":"https:\/\/amgpromocionales.mx\/en\/wp-json\/wp\/v2\/media\/25964"}],"wp:attachment":[{"href":"https:\/\/amgpromocionales.mx\/en\/wp-json\/wp\/v2\/media?parent=39534"}],"wp:term":[{"taxonomy":"product_brand","embeddable":true,"href":"https:\/\/amgpromocionales.mx\/en\/wp-json\/wp\/v2\/genre?post=39534"},{"taxonomy":"product_cat","embeddable":true,"href":"https:\/\/amgpromocionales.mx\/en\/wp-json\/wp\/v2\/product_cat?post=39534"},{"taxonomy":"product_tag","embeddable":true,"href":"https:\/\/amgpromocionales.mx\/en\/wp-json\/wp\/v2\/product_tag?post=39534"}],"curies":[{"name":"wp","href":"https:\/\/api.w.org\/{rel}","templated":true}]}}