{"id":39528,"date":"2025-01-12T23:51:24","date_gmt":"2025-01-13T05:51:24","guid":{"rendered":"https:\/\/amgpromocionales.com.mx\/?post_type=product&#038;p=39528"},"modified":"2025-01-19T18:03:06","modified_gmt":"2025-01-20T00:03:06","slug":"lamina-a2972","status":"publish","type":"product","link":"https:\/\/amgpromocionales.mx\/en\/shop\/lamina-a2972\/","title":{"rendered":"L\u00c1MINA A2972"},"content":{"rendered":"<p>L\u00e1mina de aluminio brillante de sublimaci\u00f3n. Cuenta con protector de pl\u00e1stico para su manipulaci\u00f3n.<\/p>","protected":false},"excerpt":{"rendered":"<p>L\u00e1mina de aluminio brillante de sublimaci\u00f3n. Cuenta con protector de pl\u00e1stico para su manipulaci\u00f3n.<\/p>","protected":false},"featured_media":25886,"comment_status":"closed","ping_status":"closed","template":"","meta":[],"genre":[],"product_cat":[317],"product_tag":[],"class_list":{"0":"post-39528","1":"product","2":"type-product","3":"status-publish","4":"has-post-thumbnail","6":"product_cat-sublimacion","8":"first","9":"instock","10":"shipping-taxable","11":"purchasable","12":"product-type-variable"},"_links":{"self":[{"href":"https:\/\/amgpromocionales.mx\/en\/wp-json\/wp\/v2\/product\/39528","targetHints":{"allow":["GET"]}}],"collection":[{"href":"https:\/\/amgpromocionales.mx\/en\/wp-json\/wp\/v2\/product"}],"about":[{"href":"https:\/\/amgpromocionales.mx\/en\/wp-json\/wp\/v2\/types\/product"}],"replies":[{"embeddable":true,"href":"https:\/\/amgpromocionales.mx\/en\/wp-json\/wp\/v2\/comments?post=39528"}],"wp:featuredmedia":[{"embeddable":true,"href":"https:\/\/amgpromocionales.mx\/en\/wp-json\/wp\/v2\/media\/25886"}],"wp:attachment":[{"href":"https:\/\/amgpromocionales.mx\/en\/wp-json\/wp\/v2\/media?parent=39528"}],"wp:term":[{"taxonomy":"product_brand","embeddable":true,"href":"https:\/\/amgpromocionales.mx\/en\/wp-json\/wp\/v2\/genre?post=39528"},{"taxonomy":"product_cat","embeddable":true,"href":"https:\/\/amgpromocionales.mx\/en\/wp-json\/wp\/v2\/product_cat?post=39528"},{"taxonomy":"product_tag","embeddable":true,"href":"https:\/\/amgpromocionales.mx\/en\/wp-json\/wp\/v2\/product_tag?post=39528"}],"curies":[{"name":"wp","href":"https:\/\/api.w.org\/{rel}","templated":true}]}}