{"id":39522,"date":"2025-01-12T23:51:23","date_gmt":"2025-01-13T05:51:23","guid":{"rendered":"https:\/\/amgpromocionales.com.mx\/?post_type=product&#038;p=39522"},"modified":"2025-01-20T23:07:40","modified_gmt":"2025-01-21T05:07:40","slug":"termo-a2971","status":"publish","type":"product","link":"https:\/\/amgpromocionales.mx\/en\/shop\/termo-a2971\/","title":{"rendered":"TERMO A2971"},"content":{"rendered":"<p>Termo de doble pared insulado al alto vac\u00edo con acabado de polvo pl\u00e1stico. Mantiene las bebidas fr\u00edas por 12 hrs y calientes por 6 hrs. Tapa de rosca con boquilla y asa para sujetarlo f\u00e1cilmente. CAP. 1,200 ml. (40 Oz.). Presentaci\u00f3n: Caja en color blanco.<\/p>","protected":false},"excerpt":{"rendered":"<p>Termo de doble pared insulado al alto vac\u00edo con acabado de polvo pl\u00e1stico. Mantiene las bebidas fr\u00edas por 12 hrs y calientes por 6 hrs. Tapa de rosca con boquilla y asa para sujetarlo f\u00e1cilmente. CAP. 1,200 ml. (40 Oz.). Presentaci\u00f3n: Caja en color blanco.<\/p>","protected":false},"featured_media":20811,"comment_status":"closed","ping_status":"closed","template":"","meta":[],"genre":[],"product_cat":[323,391],"product_tag":[],"class_list":{"0":"post-39522","1":"product","2":"type-product","3":"status-publish","4":"has-post-thumbnail","6":"product_cat-termos","7":"product_cat-ver-todo-bebidas","9":"first","10":"instock","11":"shipping-taxable","12":"purchasable","13":"product-type-variable"},"_links":{"self":[{"href":"https:\/\/amgpromocionales.mx\/en\/wp-json\/wp\/v2\/product\/39522","targetHints":{"allow":["GET"]}}],"collection":[{"href":"https:\/\/amgpromocionales.mx\/en\/wp-json\/wp\/v2\/product"}],"about":[{"href":"https:\/\/amgpromocionales.mx\/en\/wp-json\/wp\/v2\/types\/product"}],"replies":[{"embeddable":true,"href":"https:\/\/amgpromocionales.mx\/en\/wp-json\/wp\/v2\/comments?post=39522"}],"wp:featuredmedia":[{"embeddable":true,"href":"https:\/\/amgpromocionales.mx\/en\/wp-json\/wp\/v2\/media\/20811"}],"wp:attachment":[{"href":"https:\/\/amgpromocionales.mx\/en\/wp-json\/wp\/v2\/media?parent=39522"}],"wp:term":[{"taxonomy":"product_brand","embeddable":true,"href":"https:\/\/amgpromocionales.mx\/en\/wp-json\/wp\/v2\/genre?post=39522"},{"taxonomy":"product_cat","embeddable":true,"href":"https:\/\/amgpromocionales.mx\/en\/wp-json\/wp\/v2\/product_cat?post=39522"},{"taxonomy":"product_tag","embeddable":true,"href":"https:\/\/amgpromocionales.mx\/en\/wp-json\/wp\/v2\/product_tag?post=39522"}],"curies":[{"name":"wp","href":"https:\/\/api.w.org\/{rel}","templated":true}]}}