{"id":39506,"date":"2025-01-12T23:51:18","date_gmt":"2025-01-13T05:51:18","guid":{"rendered":"https:\/\/amgpromocionales.com.mx\/?post_type=product&#038;p=39506"},"modified":"2025-01-20T23:21:10","modified_gmt":"2025-01-21T05:21:10","slug":"vaso-a2965","status":"publish","type":"product","link":"https:\/\/amgpromocionales.mx\/en\/shop\/vaso-a2965\/","title":{"rendered":"VASO A2965"},"content":{"rendered":"<p>Vaso de pl\u00e1stico de doble pared con dise\u00f1o navide\u00f1o y lentejuela en su interior. Cuenta con tapa de c\u00fapula con figura de Mu\u00f1eco de Nieve con lentejuelas y popote.  CAP. 500 ml. Presentaci\u00f3n: caja de regalo de color. BPA FREE.<\/p>","protected":false},"excerpt":{"rendered":"<p>Vaso de pl\u00e1stico de doble pared con dise\u00f1o navide\u00f1o y lentejuela en su interior. Cuenta con tapa de c\u00fapula con figura de Mu\u00f1eco de Nieve con lentejuelas y popote. CAP. 500 ml. Presentaci\u00f3n: caja de regalo de color. BPA FREE.<\/p>","protected":false},"featured_media":20788,"comment_status":"closed","ping_status":"closed","template":"","meta":[],"genre":[],"product_cat":[324,391],"product_tag":[],"class_list":{"0":"post-39506","1":"product","2":"type-product","3":"status-publish","4":"has-post-thumbnail","6":"product_cat-cilindros-y-vasos-bebidas","7":"product_cat-ver-todo-bebidas","9":"first","10":"instock","11":"shipping-taxable","12":"purchasable","13":"product-type-simple"},"_links":{"self":[{"href":"https:\/\/amgpromocionales.mx\/en\/wp-json\/wp\/v2\/product\/39506","targetHints":{"allow":["GET"]}}],"collection":[{"href":"https:\/\/amgpromocionales.mx\/en\/wp-json\/wp\/v2\/product"}],"about":[{"href":"https:\/\/amgpromocionales.mx\/en\/wp-json\/wp\/v2\/types\/product"}],"replies":[{"embeddable":true,"href":"https:\/\/amgpromocionales.mx\/en\/wp-json\/wp\/v2\/comments?post=39506"}],"wp:featuredmedia":[{"embeddable":true,"href":"https:\/\/amgpromocionales.mx\/en\/wp-json\/wp\/v2\/media\/20788"}],"wp:attachment":[{"href":"https:\/\/amgpromocionales.mx\/en\/wp-json\/wp\/v2\/media?parent=39506"}],"wp:term":[{"taxonomy":"product_brand","embeddable":true,"href":"https:\/\/amgpromocionales.mx\/en\/wp-json\/wp\/v2\/genre?post=39506"},{"taxonomy":"product_cat","embeddable":true,"href":"https:\/\/amgpromocionales.mx\/en\/wp-json\/wp\/v2\/product_cat?post=39506"},{"taxonomy":"product_tag","embeddable":true,"href":"https:\/\/amgpromocionales.mx\/en\/wp-json\/wp\/v2\/product_tag?post=39506"}],"curies":[{"name":"wp","href":"https:\/\/api.w.org\/{rel}","templated":true}]}}