{"id":39493,"date":"2025-01-12T23:50:55","date_gmt":"2025-01-13T05:50:55","guid":{"rendered":"https:\/\/amgpromocionales.com.mx\/?post_type=product&#038;p=39493"},"modified":"2025-01-21T00:19:06","modified_gmt":"2025-01-21T06:19:06","slug":"estuche-a2961","status":"publish","type":"product","link":"https:\/\/amgpromocionales.mx\/en\/shop\/estuche-a2961\/","title":{"rendered":"ESTUCHE A2961"},"content":{"rendered":"<p>Estuche port\u00e1til de fibra de trigo con apertura y cierre magn\u00e9tico que incluye: Cable extensi\u00f3n doble entrada tipo C para carga de dispositivos, adaptador universal, adaptador USB, adaptador para iPhone, espacio para tarjeta NANO SIM y PIN de expulsion. Adem\u00e1s el estuche funciona como soporte para celular (posici\u00f3n horizontal). (Sujeto a compatibilidad a equipos telef\u00f3nicos).<\/p>","protected":false},"excerpt":{"rendered":"<p>Estuche port\u00e1til de fibra de trigo con apertura y cierre magn\u00e9tico que incluye: Cable extensi\u00f3n doble entrada tipo C para carga de dispositivos, adaptador universal, adaptador USB, adaptador para iPhone, espacio para tarjeta NANO SIM y PIN de expulsion. Adem\u00e1s el estuche funciona como soporte para celular (posici\u00f3n horizontal). (Sujeto a compatibilidad a equipos telef\u00f3nicos).<\/p>","protected":false},"featured_media":26691,"comment_status":"closed","ping_status":"closed","template":"","meta":[],"genre":[],"product_cat":[337,398],"product_tag":[],"class_list":{"0":"post-39493","1":"product","2":"type-product","3":"status-publish","4":"has-post-thumbnail","6":"product_cat-accesorios-para-celular","7":"product_cat-ver-todo-tecnologia","9":"first","10":"instock","11":"shipping-taxable","12":"purchasable","13":"product-type-simple"},"_links":{"self":[{"href":"https:\/\/amgpromocionales.mx\/en\/wp-json\/wp\/v2\/product\/39493","targetHints":{"allow":["GET"]}}],"collection":[{"href":"https:\/\/amgpromocionales.mx\/en\/wp-json\/wp\/v2\/product"}],"about":[{"href":"https:\/\/amgpromocionales.mx\/en\/wp-json\/wp\/v2\/types\/product"}],"replies":[{"embeddable":true,"href":"https:\/\/amgpromocionales.mx\/en\/wp-json\/wp\/v2\/comments?post=39493"}],"wp:featuredmedia":[{"embeddable":true,"href":"https:\/\/amgpromocionales.mx\/en\/wp-json\/wp\/v2\/media\/26691"}],"wp:attachment":[{"href":"https:\/\/amgpromocionales.mx\/en\/wp-json\/wp\/v2\/media?parent=39493"}],"wp:term":[{"taxonomy":"product_brand","embeddable":true,"href":"https:\/\/amgpromocionales.mx\/en\/wp-json\/wp\/v2\/genre?post=39493"},{"taxonomy":"product_cat","embeddable":true,"href":"https:\/\/amgpromocionales.mx\/en\/wp-json\/wp\/v2\/product_cat?post=39493"},{"taxonomy":"product_tag","embeddable":true,"href":"https:\/\/amgpromocionales.mx\/en\/wp-json\/wp\/v2\/product_tag?post=39493"}],"curies":[{"name":"wp","href":"https:\/\/api.w.org\/{rel}","templated":true}]}}