{"id":39487,"date":"2025-01-12T23:50:54","date_gmt":"2025-01-13T05:50:54","guid":{"rendered":"https:\/\/amgpromocionales.com.mx\/?post_type=product&#038;p=39487"},"modified":"2025-01-19T18:02:43","modified_gmt":"2025-01-20T00:02:43","slug":"tarro-a2960","status":"publish","type":"product","link":"https:\/\/amgpromocionales.mx\/en\/shop\/tarro-a2960\/","title":{"rendered":"TARRO A2960"},"content":{"rendered":"<p>Tarro de sublimaci\u00f3n de cer\u00e1mica blanco con asa en forma de coraz\u00f3n. El interior y el asa son del mismo color. CAP. 325 ml. (11 OZ). Venta en m\u00faltiplos de 12.<\/p>","protected":false},"excerpt":{"rendered":"<p>Tarro de sublimaci\u00f3n de cer\u00e1mica blanco con asa en forma de coraz\u00f3n. El interior y el asa son del mismo color. CAP. 325 ml. (11 OZ). Venta en m\u00faltiplos de 12.<\/p>","protected":false},"featured_media":25855,"comment_status":"closed","ping_status":"closed","template":"","meta":[],"genre":[],"product_cat":[317],"product_tag":[],"class_list":{"0":"post-39487","1":"product","2":"type-product","3":"status-publish","4":"has-post-thumbnail","6":"product_cat-sublimacion","8":"first","9":"instock","10":"shipping-taxable","11":"purchasable","12":"product-type-variable"},"_links":{"self":[{"href":"https:\/\/amgpromocionales.mx\/en\/wp-json\/wp\/v2\/product\/39487","targetHints":{"allow":["GET"]}}],"collection":[{"href":"https:\/\/amgpromocionales.mx\/en\/wp-json\/wp\/v2\/product"}],"about":[{"href":"https:\/\/amgpromocionales.mx\/en\/wp-json\/wp\/v2\/types\/product"}],"replies":[{"embeddable":true,"href":"https:\/\/amgpromocionales.mx\/en\/wp-json\/wp\/v2\/comments?post=39487"}],"wp:featuredmedia":[{"embeddable":true,"href":"https:\/\/amgpromocionales.mx\/en\/wp-json\/wp\/v2\/media\/25855"}],"wp:attachment":[{"href":"https:\/\/amgpromocionales.mx\/en\/wp-json\/wp\/v2\/media?parent=39487"}],"wp:term":[{"taxonomy":"product_brand","embeddable":true,"href":"https:\/\/amgpromocionales.mx\/en\/wp-json\/wp\/v2\/genre?post=39487"},{"taxonomy":"product_cat","embeddable":true,"href":"https:\/\/amgpromocionales.mx\/en\/wp-json\/wp\/v2\/product_cat?post=39487"},{"taxonomy":"product_tag","embeddable":true,"href":"https:\/\/amgpromocionales.mx\/en\/wp-json\/wp\/v2\/product_tag?post=39487"}],"curies":[{"name":"wp","href":"https:\/\/api.w.org\/{rel}","templated":true}]}}