{"id":39477,"date":"2025-01-12T23:50:52","date_gmt":"2025-01-13T05:50:52","guid":{"rendered":"https:\/\/amgpromocionales.com.mx\/?post_type=product&#038;p=39477"},"modified":"2025-01-20T23:22:57","modified_gmt":"2025-01-21T05:22:57","slug":"juego-a2959","status":"publish","type":"product","link":"https:\/\/amgpromocionales.mx\/en\/shop\/juego-a2959\/","title":{"rendered":"JUEGO A2959"},"content":{"rendered":"<p>Juego de 3 cilindros deportivos de pl\u00e1stico trasl\u00facido con degradado en la parte superior de color y tapa de rosca en color s\u00f3lido.  El cilindro m\u00e1s grande, cuenta con escala impresa en el cuerpo del cilindro, tapa con asa y boquilla con tapa protectora con seguro. CAP. 2 LT.; El Cilindro mediano tiene tapa con boquilla con tapa protectora con seguro. CAP. 750 ml. y el cilindro m\u00e1s peque\u00f1o cuenta con tapa plateada y jareta de cinta gris. CAP. 300 ml.<\/p>","protected":false},"excerpt":{"rendered":"<p>Juego de 3 cilindros deportivos de pl\u00e1stico trasl\u00facido con degradado en la parte superior de color y tapa de rosca en color s\u00f3lido. El cilindro m\u00e1s grande, cuenta con escala impresa en el cuerpo del cilindro, tapa con asa y boquilla con tapa protectora con seguro. CAP. 2 LT.; El Cilindro mediano tiene tapa con [&hellip;]<\/p>","protected":false},"featured_media":20763,"comment_status":"closed","ping_status":"closed","template":"","meta":[],"genre":[],"product_cat":[324,391],"product_tag":[],"class_list":{"0":"post-39477","1":"product","2":"type-product","3":"status-publish","4":"has-post-thumbnail","6":"product_cat-cilindros-y-vasos-bebidas","7":"product_cat-ver-todo-bebidas","9":"first","10":"instock","11":"shipping-taxable","12":"purchasable","13":"product-type-variable"},"_links":{"self":[{"href":"https:\/\/amgpromocionales.mx\/en\/wp-json\/wp\/v2\/product\/39477","targetHints":{"allow":["GET"]}}],"collection":[{"href":"https:\/\/amgpromocionales.mx\/en\/wp-json\/wp\/v2\/product"}],"about":[{"href":"https:\/\/amgpromocionales.mx\/en\/wp-json\/wp\/v2\/types\/product"}],"replies":[{"embeddable":true,"href":"https:\/\/amgpromocionales.mx\/en\/wp-json\/wp\/v2\/comments?post=39477"}],"wp:featuredmedia":[{"embeddable":true,"href":"https:\/\/amgpromocionales.mx\/en\/wp-json\/wp\/v2\/media\/20763"}],"wp:attachment":[{"href":"https:\/\/amgpromocionales.mx\/en\/wp-json\/wp\/v2\/media?parent=39477"}],"wp:term":[{"taxonomy":"product_brand","embeddable":true,"href":"https:\/\/amgpromocionales.mx\/en\/wp-json\/wp\/v2\/genre?post=39477"},{"taxonomy":"product_cat","embeddable":true,"href":"https:\/\/amgpromocionales.mx\/en\/wp-json\/wp\/v2\/product_cat?post=39477"},{"taxonomy":"product_tag","embeddable":true,"href":"https:\/\/amgpromocionales.mx\/en\/wp-json\/wp\/v2\/product_tag?post=39477"}],"curies":[{"name":"wp","href":"https:\/\/api.w.org\/{rel}","templated":true}]}}