{"id":39470,"date":"2025-01-12T23:50:50","date_gmt":"2025-01-13T05:50:50","guid":{"rendered":"https:\/\/amgpromocionales.com.mx\/?post_type=product&#038;p=39470"},"modified":"2025-01-21T00:02:37","modified_gmt":"2025-01-21T06:02:37","slug":"caja-a2957","status":"publish","type":"product","link":"https:\/\/amgpromocionales.mx\/en\/shop\/caja-a2957\/","title":{"rendered":"CAJA A2957"},"content":{"rendered":"<p>Caja de cart\u00f3n blanco de 350 g., con impresi\u00f3n en selecci\u00f3n a color y laminado brillante. Para modelos ASP2025 y AS2025. Se entrega desarmada.<\/p>","protected":false},"excerpt":{"rendered":"<p>Caja de cart\u00f3n blanco de 350 g., con impresi\u00f3n en selecci\u00f3n a color y laminado brillante. Para modelos ASP2025 y AS2025. Se entrega desarmada.<\/p>","protected":false},"featured_media":24737,"comment_status":"closed","ping_status":"closed","template":"","meta":[],"genre":[],"product_cat":[375,396],"product_tag":[],"class_list":{"0":"post-39470","1":"product","2":"type-product","3":"status-publish","4":"has-post-thumbnail","6":"product_cat-cajas-bolsas-y-estuches","7":"product_cat-ver-todo-oficina","9":"first","10":"instock","11":"shipping-taxable","12":"purchasable","13":"product-type-simple"},"_links":{"self":[{"href":"https:\/\/amgpromocionales.mx\/en\/wp-json\/wp\/v2\/product\/39470","targetHints":{"allow":["GET"]}}],"collection":[{"href":"https:\/\/amgpromocionales.mx\/en\/wp-json\/wp\/v2\/product"}],"about":[{"href":"https:\/\/amgpromocionales.mx\/en\/wp-json\/wp\/v2\/types\/product"}],"replies":[{"embeddable":true,"href":"https:\/\/amgpromocionales.mx\/en\/wp-json\/wp\/v2\/comments?post=39470"}],"wp:featuredmedia":[{"embeddable":true,"href":"https:\/\/amgpromocionales.mx\/en\/wp-json\/wp\/v2\/media\/24737"}],"wp:attachment":[{"href":"https:\/\/amgpromocionales.mx\/en\/wp-json\/wp\/v2\/media?parent=39470"}],"wp:term":[{"taxonomy":"product_brand","embeddable":true,"href":"https:\/\/amgpromocionales.mx\/en\/wp-json\/wp\/v2\/genre?post=39470"},{"taxonomy":"product_cat","embeddable":true,"href":"https:\/\/amgpromocionales.mx\/en\/wp-json\/wp\/v2\/product_cat?post=39470"},{"taxonomy":"product_tag","embeddable":true,"href":"https:\/\/amgpromocionales.mx\/en\/wp-json\/wp\/v2\/product_tag?post=39470"}],"curies":[{"name":"wp","href":"https:\/\/api.w.org\/{rel}","templated":true}]}}