{"id":39463,"date":"2025-01-12T23:50:48","date_gmt":"2025-01-13T05:50:48","guid":{"rendered":"https:\/\/amgpromocionales.com.mx\/?post_type=product&#038;p=39463"},"modified":"2025-01-20T23:29:59","modified_gmt":"2025-01-21T05:29:59","slug":"boligrafo-a2955","status":"publish","type":"product","link":"https:\/\/amgpromocionales.mx\/en\/shop\/boligrafo-a2955\/","title":{"rendered":"BOL\u00cdGRAFO A2955"},"content":{"rendered":"<p>Bol\u00edgrafo delgado de aluminio, con bot\u00f3n, clip, detalle central y punta, cromados en color Oro rosa. Barril superior con acabado met\u00e1lico mate y barril inferior en el mismo color, con acabado de goma. Mecanismo de click.<\/p>","protected":false},"excerpt":{"rendered":"<p>Bol\u00edgrafo delgado de aluminio, con bot\u00f3n, clip, detalle central y punta, cromados en color Oro rosa. Barril superior con acabado met\u00e1lico mate y barril inferior en el mismo color, con acabado de goma. Mecanismo de click.<\/p>","protected":false},"featured_media":21604,"comment_status":"closed","ping_status":"closed","template":"","meta":[],"genre":[],"product_cat":[265,392],"product_tag":[],"class_list":{"0":"post-39463","1":"product","2":"type-product","3":"status-publish","4":"has-post-thumbnail","6":"product_cat-boligrafos-metalicos","7":"product_cat-ver-todo-boligrafos-y-lapices","9":"first","10":"instock","11":"shipping-taxable","12":"purchasable","13":"product-type-variable"},"_links":{"self":[{"href":"https:\/\/amgpromocionales.mx\/en\/wp-json\/wp\/v2\/product\/39463","targetHints":{"allow":["GET"]}}],"collection":[{"href":"https:\/\/amgpromocionales.mx\/en\/wp-json\/wp\/v2\/product"}],"about":[{"href":"https:\/\/amgpromocionales.mx\/en\/wp-json\/wp\/v2\/types\/product"}],"replies":[{"embeddable":true,"href":"https:\/\/amgpromocionales.mx\/en\/wp-json\/wp\/v2\/comments?post=39463"}],"wp:featuredmedia":[{"embeddable":true,"href":"https:\/\/amgpromocionales.mx\/en\/wp-json\/wp\/v2\/media\/21604"}],"wp:attachment":[{"href":"https:\/\/amgpromocionales.mx\/en\/wp-json\/wp\/v2\/media?parent=39463"}],"wp:term":[{"taxonomy":"product_brand","embeddable":true,"href":"https:\/\/amgpromocionales.mx\/en\/wp-json\/wp\/v2\/genre?post=39463"},{"taxonomy":"product_cat","embeddable":true,"href":"https:\/\/amgpromocionales.mx\/en\/wp-json\/wp\/v2\/product_cat?post=39463"},{"taxonomy":"product_tag","embeddable":true,"href":"https:\/\/amgpromocionales.mx\/en\/wp-json\/wp\/v2\/product_tag?post=39463"}],"curies":[{"name":"wp","href":"https:\/\/api.w.org\/{rel}","templated":true}]}}