{"id":39402,"date":"2025-01-12T23:49:52","date_gmt":"2025-01-13T05:49:52","guid":{"rendered":"https:\/\/amgpromocionales.com.mx\/?post_type=product&#038;p=39402"},"modified":"2025-01-20T23:29:59","modified_gmt":"2025-01-21T05:29:59","slug":"set-a2941","status":"publish","type":"product","link":"https:\/\/amgpromocionales.mx\/en\/shop\/set-a2941\/","title":{"rendered":"SET A2941"},"content":{"rendered":"<p>Set de bol\u00edgrafos met\u00e1licos, lisos en su parte superior y con una sutil textura de l\u00edneas verticales en su parte inferior; esmaltado mate con detalles en color plata en el centro, extremos y clip. Un bol\u00edgrafo es tipo roller y el otro es con sistema retr\u00e1ctil. Cuenta con repuesto met\u00e1lico. Presentaci\u00f3n: caja de regalo color negro.<\/p>","protected":false},"excerpt":{"rendered":"<p>Set de bol\u00edgrafos met\u00e1licos, lisos en su parte superior y con una sutil textura de l\u00edneas verticales en su parte inferior; esmaltado mate con detalles en color plata en el centro, extremos y clip. Un bol\u00edgrafo es tipo roller y el otro es con sistema retr\u00e1ctil. Cuenta con repuesto met\u00e1lico. Presentaci\u00f3n: caja de regalo color [&hellip;]<\/p>","protected":false},"featured_media":21594,"comment_status":"closed","ping_status":"closed","template":"","meta":[],"genre":[],"product_cat":[265,392],"product_tag":[],"class_list":{"0":"post-39402","1":"product","2":"type-product","3":"status-publish","4":"has-post-thumbnail","6":"product_cat-boligrafos-metalicos","7":"product_cat-ver-todo-boligrafos-y-lapices","9":"first","10":"instock","11":"shipping-taxable","12":"purchasable","13":"product-type-variable"},"_links":{"self":[{"href":"https:\/\/amgpromocionales.mx\/en\/wp-json\/wp\/v2\/product\/39402","targetHints":{"allow":["GET"]}}],"collection":[{"href":"https:\/\/amgpromocionales.mx\/en\/wp-json\/wp\/v2\/product"}],"about":[{"href":"https:\/\/amgpromocionales.mx\/en\/wp-json\/wp\/v2\/types\/product"}],"replies":[{"embeddable":true,"href":"https:\/\/amgpromocionales.mx\/en\/wp-json\/wp\/v2\/comments?post=39402"}],"wp:featuredmedia":[{"embeddable":true,"href":"https:\/\/amgpromocionales.mx\/en\/wp-json\/wp\/v2\/media\/21594"}],"wp:attachment":[{"href":"https:\/\/amgpromocionales.mx\/en\/wp-json\/wp\/v2\/media?parent=39402"}],"wp:term":[{"taxonomy":"product_brand","embeddable":true,"href":"https:\/\/amgpromocionales.mx\/en\/wp-json\/wp\/v2\/genre?post=39402"},{"taxonomy":"product_cat","embeddable":true,"href":"https:\/\/amgpromocionales.mx\/en\/wp-json\/wp\/v2\/product_cat?post=39402"},{"taxonomy":"product_tag","embeddable":true,"href":"https:\/\/amgpromocionales.mx\/en\/wp-json\/wp\/v2\/product_tag?post=39402"}],"curies":[{"name":"wp","href":"https:\/\/api.w.org\/{rel}","templated":true}]}}