{"id":39401,"date":"2025-01-12T23:49:51","date_gmt":"2025-01-13T05:49:51","guid":{"rendered":"https:\/\/amgpromocionales.com.mx\/?post_type=product&#038;p=39401"},"modified":"2025-01-20T23:22:58","modified_gmt":"2025-01-21T05:22:58","slug":"vaso-a2940","status":"publish","type":"product","link":"https:\/\/amgpromocionales.mx\/en\/shop\/vaso-a2940\/","title":{"rendered":"VASO A2940"},"content":{"rendered":"<p>Vaso de vidrio de borosilicato de doble pared con cara de oso con bufanda, cuenta con tapa de bamb\u00fa y sello de silic\u00f3n. CAP.: 220 ml. Presentaci\u00f3n: Caja en color Blanco.<\/p>","protected":false},"excerpt":{"rendered":"<p>Vaso de vidrio de borosilicato de doble pared con cara de oso con bufanda, cuenta con tapa de bamb\u00fa y sello de silic\u00f3n. CAP.: 220 ml. Presentaci\u00f3n: Caja en color Blanco.<\/p>","protected":false},"featured_media":20733,"comment_status":"closed","ping_status":"closed","template":"","meta":[],"genre":[],"product_cat":[324,391],"product_tag":[],"class_list":{"0":"post-39401","1":"product","2":"type-product","3":"status-publish","4":"has-post-thumbnail","6":"product_cat-cilindros-y-vasos-bebidas","7":"product_cat-ver-todo-bebidas","9":"first","10":"instock","11":"shipping-taxable","12":"purchasable","13":"product-type-simple"},"_links":{"self":[{"href":"https:\/\/amgpromocionales.mx\/en\/wp-json\/wp\/v2\/product\/39401","targetHints":{"allow":["GET"]}}],"collection":[{"href":"https:\/\/amgpromocionales.mx\/en\/wp-json\/wp\/v2\/product"}],"about":[{"href":"https:\/\/amgpromocionales.mx\/en\/wp-json\/wp\/v2\/types\/product"}],"replies":[{"embeddable":true,"href":"https:\/\/amgpromocionales.mx\/en\/wp-json\/wp\/v2\/comments?post=39401"}],"wp:featuredmedia":[{"embeddable":true,"href":"https:\/\/amgpromocionales.mx\/en\/wp-json\/wp\/v2\/media\/20733"}],"wp:attachment":[{"href":"https:\/\/amgpromocionales.mx\/en\/wp-json\/wp\/v2\/media?parent=39401"}],"wp:term":[{"taxonomy":"product_brand","embeddable":true,"href":"https:\/\/amgpromocionales.mx\/en\/wp-json\/wp\/v2\/genre?post=39401"},{"taxonomy":"product_cat","embeddable":true,"href":"https:\/\/amgpromocionales.mx\/en\/wp-json\/wp\/v2\/product_cat?post=39401"},{"taxonomy":"product_tag","embeddable":true,"href":"https:\/\/amgpromocionales.mx\/en\/wp-json\/wp\/v2\/product_tag?post=39401"}],"curies":[{"name":"wp","href":"https:\/\/api.w.org\/{rel}","templated":true}]}}