{"id":39337,"date":"2025-01-12T23:49:01","date_gmt":"2025-01-13T05:49:01","guid":{"rendered":"https:\/\/amgpromocionales.com.mx\/?post_type=product&#038;p=39337"},"modified":"2025-01-19T18:01:34","modified_gmt":"2025-01-20T00:01:34","slug":"libreta-a2923","status":"publish","type":"product","link":"https:\/\/amgpromocionales.mx\/en\/shop\/libreta-a2923\/","title":{"rendered":"LIBRETA A2923"},"content":{"rendered":"<p>Libreta ecol\u00f3gica de pasta r\u00edgida de corcho y tela, cuenta con 80 hojas (160 p\u00e1ginas) color crema rayadas de 70 gm., separador de list\u00f3n y resorte para sujetar el bol\u00edgrafo ecol\u00f3gico que es de cuerpo de corcho con punta, clip y click de fibra de trigo.<\/p>","protected":false},"excerpt":{"rendered":"<p>Libreta ecol\u00f3gica de pasta r\u00edgida de corcho y tela, cuenta con 80 hojas (160 p\u00e1ginas) color crema rayadas de 70 gm., separador de list\u00f3n y resorte para sujetar el bol\u00edgrafo ecol\u00f3gico que es de cuerpo de corcho con punta, clip y click de fibra de trigo.<\/p>","protected":false},"featured_media":24729,"comment_status":"closed","ping_status":"closed","template":"","meta":[],"genre":[],"product_cat":[260],"product_tag":[],"class_list":{"0":"post-39337","1":"product","2":"type-product","3":"status-publish","4":"has-post-thumbnail","6":"product_cat-ecologicos","8":"first","9":"instock","10":"shipping-taxable","11":"purchasable","12":"product-type-variable"},"_links":{"self":[{"href":"https:\/\/amgpromocionales.mx\/en\/wp-json\/wp\/v2\/product\/39337","targetHints":{"allow":["GET"]}}],"collection":[{"href":"https:\/\/amgpromocionales.mx\/en\/wp-json\/wp\/v2\/product"}],"about":[{"href":"https:\/\/amgpromocionales.mx\/en\/wp-json\/wp\/v2\/types\/product"}],"replies":[{"embeddable":true,"href":"https:\/\/amgpromocionales.mx\/en\/wp-json\/wp\/v2\/comments?post=39337"}],"wp:featuredmedia":[{"embeddable":true,"href":"https:\/\/amgpromocionales.mx\/en\/wp-json\/wp\/v2\/media\/24729"}],"wp:attachment":[{"href":"https:\/\/amgpromocionales.mx\/en\/wp-json\/wp\/v2\/media?parent=39337"}],"wp:term":[{"taxonomy":"product_brand","embeddable":true,"href":"https:\/\/amgpromocionales.mx\/en\/wp-json\/wp\/v2\/genre?post=39337"},{"taxonomy":"product_cat","embeddable":true,"href":"https:\/\/amgpromocionales.mx\/en\/wp-json\/wp\/v2\/product_cat?post=39337"},{"taxonomy":"product_tag","embeddable":true,"href":"https:\/\/amgpromocionales.mx\/en\/wp-json\/wp\/v2\/product_tag?post=39337"}],"curies":[{"name":"wp","href":"https:\/\/api.w.org\/{rel}","templated":true}]}}