{"id":39300,"date":"2025-01-12T23:48:32","date_gmt":"2025-01-13T05:48:32","guid":{"rendered":"https:\/\/amgpromocionales.com.mx\/?post_type=product&#038;p=39300"},"modified":"2025-01-20T23:49:55","modified_gmt":"2025-01-21T05:49:55","slug":"temporizador-a2914","status":"publish","type":"product","link":"https:\/\/amgpromocionales.mx\/en\/shop\/temporizador-a2914\/","title":{"rendered":"TEMPORIZADOR A2914"},"content":{"rendered":"<p>Temporizador de cocina con dise\u00f1o de chef de 99 min.\/59 seg. Cuenta con pantalla digital, interruptor de encendido y apagado, bot\u00f3n de minutos, segundos y de inicio con sonido. Incluye im\u00e1n en la parte trasera y bater\u00eda de bot\u00f3n para su funcionamiento. Presentaci\u00f3n: caja en color blanco. Presentaci\u00f3n: caja en color blanco.<\/p>","protected":false},"excerpt":{"rendered":"<p>Temporizador de cocina con dise\u00f1o de chef de 99 min.\/59 seg. Cuenta con pantalla digital, interruptor de encendido y apagado, bot\u00f3n de minutos, segundos y de inicio con sonido. Incluye im\u00e1n en la parte trasera y bater\u00eda de bot\u00f3n para su funcionamiento. Presentaci\u00f3n: caja en color blanco. Presentaci\u00f3n: caja en color blanco.<\/p>","protected":false},"featured_media":22636,"comment_status":"closed","ping_status":"closed","template":"","meta":[],"genre":[],"product_cat":[296,394],"product_tag":[],"class_list":{"0":"post-39300","1":"product","2":"type-product","3":"status-publish","4":"has-post-thumbnail","6":"product_cat-accesorios-de-cocina","7":"product_cat-ver-todo-hogar","9":"first","10":"instock","11":"shipping-taxable","12":"purchasable","13":"product-type-simple"},"_links":{"self":[{"href":"https:\/\/amgpromocionales.mx\/en\/wp-json\/wp\/v2\/product\/39300","targetHints":{"allow":["GET"]}}],"collection":[{"href":"https:\/\/amgpromocionales.mx\/en\/wp-json\/wp\/v2\/product"}],"about":[{"href":"https:\/\/amgpromocionales.mx\/en\/wp-json\/wp\/v2\/types\/product"}],"replies":[{"embeddable":true,"href":"https:\/\/amgpromocionales.mx\/en\/wp-json\/wp\/v2\/comments?post=39300"}],"wp:featuredmedia":[{"embeddable":true,"href":"https:\/\/amgpromocionales.mx\/en\/wp-json\/wp\/v2\/media\/22636"}],"wp:attachment":[{"href":"https:\/\/amgpromocionales.mx\/en\/wp-json\/wp\/v2\/media?parent=39300"}],"wp:term":[{"taxonomy":"product_brand","embeddable":true,"href":"https:\/\/amgpromocionales.mx\/en\/wp-json\/wp\/v2\/genre?post=39300"},{"taxonomy":"product_cat","embeddable":true,"href":"https:\/\/amgpromocionales.mx\/en\/wp-json\/wp\/v2\/product_cat?post=39300"},{"taxonomy":"product_tag","embeddable":true,"href":"https:\/\/amgpromocionales.mx\/en\/wp-json\/wp\/v2\/product_tag?post=39300"}],"curies":[{"name":"wp","href":"https:\/\/api.w.org\/{rel}","templated":true}]}}