{"id":39216,"date":"2025-01-12T23:47:34","date_gmt":"2025-01-13T05:47:34","guid":{"rendered":"https:\/\/amgpromocionales.com.mx\/?post_type=product&#038;p=39216"},"modified":"2025-01-21T00:25:48","modified_gmt":"2025-01-21T06:25:48","slug":"multicargador-a2888","status":"publish","type":"product","link":"https:\/\/amgpromocionales.mx\/en\/shop\/multicargador-a2888\/","title":{"rendered":"MULTICARGADOR A2888"},"content":{"rendered":"<p>Multicargador inal\u00e1mbrico de carga r\u00e1pida plegable con im\u00e1n 3 en 1. Incluye: compartimento de carga para celular, para reloj inteligente (carga solo dispositivos I WATCH) y para aud\u00edfonos. Cuenta con 2 indicadores LED de carga. Entrada de carga tipo C (incluye cable de carga). Compatible con dispositivos iOS. Presentaci\u00f3n: caja de regalo a color. (Verifique la compatibilidad con sus dispositivos m\u00f3viles).<\/p>","protected":false},"excerpt":{"rendered":"<p>Multicargador inal\u00e1mbrico de carga r\u00e1pida plegable con im\u00e1n 3 en 1. Incluye: compartimento de carga para celular, para reloj inteligente (carga solo dispositivos I WATCH) y para aud\u00edfonos. Cuenta con 2 indicadores LED de carga. Entrada de carga tipo C (incluye cable de carga). Compatible con dispositivos iOS. Presentaci\u00f3n: caja de regalo a color. (Verifique [&hellip;]<\/p>","protected":false},"featured_media":26677,"comment_status":"closed","ping_status":"closed","template":"","meta":[],"genre":[],"product_cat":[322,398],"product_tag":[],"class_list":{"0":"post-39216","1":"product","2":"type-product","3":"status-publish","4":"has-post-thumbnail","6":"product_cat-cargadores-y-accesorios","7":"product_cat-ver-todo-tecnologia","9":"first","10":"instock","11":"shipping-taxable","12":"purchasable","13":"product-type-simple"},"_links":{"self":[{"href":"https:\/\/amgpromocionales.mx\/en\/wp-json\/wp\/v2\/product\/39216","targetHints":{"allow":["GET"]}}],"collection":[{"href":"https:\/\/amgpromocionales.mx\/en\/wp-json\/wp\/v2\/product"}],"about":[{"href":"https:\/\/amgpromocionales.mx\/en\/wp-json\/wp\/v2\/types\/product"}],"replies":[{"embeddable":true,"href":"https:\/\/amgpromocionales.mx\/en\/wp-json\/wp\/v2\/comments?post=39216"}],"wp:featuredmedia":[{"embeddable":true,"href":"https:\/\/amgpromocionales.mx\/en\/wp-json\/wp\/v2\/media\/26677"}],"wp:attachment":[{"href":"https:\/\/amgpromocionales.mx\/en\/wp-json\/wp\/v2\/media?parent=39216"}],"wp:term":[{"taxonomy":"product_brand","embeddable":true,"href":"https:\/\/amgpromocionales.mx\/en\/wp-json\/wp\/v2\/genre?post=39216"},{"taxonomy":"product_cat","embeddable":true,"href":"https:\/\/amgpromocionales.mx\/en\/wp-json\/wp\/v2\/product_cat?post=39216"},{"taxonomy":"product_tag","embeddable":true,"href":"https:\/\/amgpromocionales.mx\/en\/wp-json\/wp\/v2\/product_tag?post=39216"}],"curies":[{"name":"wp","href":"https:\/\/api.w.org\/{rel}","templated":true}]}}