{"id":39215,"date":"2025-01-12T23:47:34","date_gmt":"2025-01-13T05:47:34","guid":{"rendered":"https:\/\/amgpromocionales.com.mx\/?post_type=product&#038;p=39215"},"modified":"2025-01-21T00:25:48","modified_gmt":"2025-01-21T06:25:48","slug":"mouse-a2887","status":"publish","type":"product","link":"https:\/\/amgpromocionales.mx\/en\/shop\/mouse-a2887\/","title":{"rendered":"MOUSE A2887"},"content":{"rendered":"<p>Mouse pad de carga r\u00e1pida (15W) antiderrapante con funci\u00f3n de carga wireless, puerto de carga tipo C. Es compatible con dispositivos: Samsung Galaxy S3, S4, S5, Note2, Note3, Note4, iPhone 5\/5s, iPhone 6, iPhone 6 Plus y m\u00e1s modelos actuales adaptados al est\u00e1ndar Qi (verifique compatibilidad). Incluye cable de carga tipo C. Presentaci\u00f3n: caja en color blanco.<\/p>","protected":false},"excerpt":{"rendered":"<p>Mouse pad de carga r\u00e1pida (15W) antiderrapante con funci\u00f3n de carga wireless, puerto de carga tipo C. Es compatible con dispositivos: Samsung Galaxy S3, S4, S5, Note2, Note3, Note4, iPhone 5\/5s, iPhone 6, iPhone 6 Plus y m\u00e1s modelos actuales adaptados al est\u00e1ndar Qi (verifique compatibilidad). Incluye cable de carga tipo C. Presentaci\u00f3n: caja en [&hellip;]<\/p>","protected":false},"featured_media":26665,"comment_status":"closed","ping_status":"closed","template":"","meta":[],"genre":[],"product_cat":[322,398],"product_tag":[],"class_list":{"0":"post-39215","1":"product","2":"type-product","3":"status-publish","4":"has-post-thumbnail","6":"product_cat-cargadores-y-accesorios","7":"product_cat-ver-todo-tecnologia","9":"first","10":"instock","11":"shipping-taxable","12":"purchasable","13":"product-type-simple"},"_links":{"self":[{"href":"https:\/\/amgpromocionales.mx\/en\/wp-json\/wp\/v2\/product\/39215","targetHints":{"allow":["GET"]}}],"collection":[{"href":"https:\/\/amgpromocionales.mx\/en\/wp-json\/wp\/v2\/product"}],"about":[{"href":"https:\/\/amgpromocionales.mx\/en\/wp-json\/wp\/v2\/types\/product"}],"replies":[{"embeddable":true,"href":"https:\/\/amgpromocionales.mx\/en\/wp-json\/wp\/v2\/comments?post=39215"}],"wp:featuredmedia":[{"embeddable":true,"href":"https:\/\/amgpromocionales.mx\/en\/wp-json\/wp\/v2\/media\/26665"}],"wp:attachment":[{"href":"https:\/\/amgpromocionales.mx\/en\/wp-json\/wp\/v2\/media?parent=39215"}],"wp:term":[{"taxonomy":"product_brand","embeddable":true,"href":"https:\/\/amgpromocionales.mx\/en\/wp-json\/wp\/v2\/genre?post=39215"},{"taxonomy":"product_cat","embeddable":true,"href":"https:\/\/amgpromocionales.mx\/en\/wp-json\/wp\/v2\/product_cat?post=39215"},{"taxonomy":"product_tag","embeddable":true,"href":"https:\/\/amgpromocionales.mx\/en\/wp-json\/wp\/v2\/product_tag?post=39215"}],"curies":[{"name":"wp","href":"https:\/\/api.w.org\/{rel}","templated":true}]}}