{"id":39185,"date":"2025-01-12T23:47:07","date_gmt":"2025-01-13T05:47:07","guid":{"rendered":"https:\/\/amgpromocionales.com.mx\/?post_type=product&#038;p=39185"},"modified":"2025-01-19T18:00:12","modified_gmt":"2025-01-20T00:00:12","slug":"corneta-a2877","status":"publish","type":"product","link":"https:\/\/amgpromocionales.mx\/en\/shop\/corneta-a2877\/","title":{"rendered":"CORNETA A2877"},"content":{"rendered":"<p>Corneta tricolor con boquilla y arillo para colgar. Con dise\u00f1o de bal\u00f3n de f\u00fatbol.<\/p>","protected":false},"excerpt":{"rendered":"<p>Corneta tricolor con boquilla y arillo para colgar. Con dise\u00f1o de bal\u00f3n de f\u00fatbol.<\/p>","protected":false},"featured_media":30747,"comment_status":"closed","ping_status":"closed","template":"","meta":[],"genre":[],"product_cat":[369],"product_tag":[],"class_list":{"0":"post-39185","1":"product","2":"type-product","3":"status-publish","4":"has-post-thumbnail","6":"product_cat-infantiles","8":"first","9":"instock","10":"shipping-taxable","11":"purchasable","12":"product-type-simple"},"_links":{"self":[{"href":"https:\/\/amgpromocionales.mx\/en\/wp-json\/wp\/v2\/product\/39185","targetHints":{"allow":["GET"]}}],"collection":[{"href":"https:\/\/amgpromocionales.mx\/en\/wp-json\/wp\/v2\/product"}],"about":[{"href":"https:\/\/amgpromocionales.mx\/en\/wp-json\/wp\/v2\/types\/product"}],"replies":[{"embeddable":true,"href":"https:\/\/amgpromocionales.mx\/en\/wp-json\/wp\/v2\/comments?post=39185"}],"wp:featuredmedia":[{"embeddable":true,"href":"https:\/\/amgpromocionales.mx\/en\/wp-json\/wp\/v2\/media\/30747"}],"wp:attachment":[{"href":"https:\/\/amgpromocionales.mx\/en\/wp-json\/wp\/v2\/media?parent=39185"}],"wp:term":[{"taxonomy":"product_brand","embeddable":true,"href":"https:\/\/amgpromocionales.mx\/en\/wp-json\/wp\/v2\/genre?post=39185"},{"taxonomy":"product_cat","embeddable":true,"href":"https:\/\/amgpromocionales.mx\/en\/wp-json\/wp\/v2\/product_cat?post=39185"},{"taxonomy":"product_tag","embeddable":true,"href":"https:\/\/amgpromocionales.mx\/en\/wp-json\/wp\/v2\/product_tag?post=39185"}],"curies":[{"name":"wp","href":"https:\/\/api.w.org\/{rel}","templated":true}]}}