{"id":39179,"date":"2025-01-12T23:47:06","date_gmt":"2025-01-13T05:47:06","guid":{"rendered":"https:\/\/amgpromocionales.com.mx\/?post_type=product&#038;p=39179"},"modified":"2025-01-20T23:07:44","modified_gmt":"2025-01-21T05:07:44","slug":"termo-a2868","status":"publish","type":"product","link":"https:\/\/amgpromocionales.mx\/en\/shop\/termo-a2868\/","title":{"rendered":"TERMO A2868"},"content":{"rendered":"<p>Termo NAYAD NEO de 16 Oz. de doble pared, la interna de acero inoxidable y externa de granos de caf\u00e9 reciclado, con una duraci\u00f3n de 3 hrs bebidas calientes y 5 hrs. bebidas fr\u00edas. Este termo es biodegradable, amistoso con el medio ambiente; tiene un cintillo met\u00e1lico color bronce que le dan gran estilo y personalidad, mismo que combina con el bot\u00f3n dorado de su tapa, que hay que deslizar hacia atr\u00e1s para su f\u00e1cil apertura. Libre de BPA. Su tapa herm\u00e9tica enroscable es anti derrames y anti escurrimiento. CAP. 480 ml. Presentaci\u00f3n: Caja de color.<\/p>","protected":false},"excerpt":{"rendered":"<p>Termo NAYAD NEO de 16 Oz. de doble pared, la interna de acero inoxidable y externa de granos de caf\u00e9 reciclado, con una duraci\u00f3n de 3 hrs bebidas calientes y 5 hrs. bebidas fr\u00edas. Este termo es biodegradable, amistoso con el medio ambiente; tiene un cintillo met\u00e1lico color bronce que le dan gran estilo y [&hellip;]<\/p>","protected":false},"featured_media":20662,"comment_status":"closed","ping_status":"closed","template":"","meta":[],"genre":[],"product_cat":[323,391],"product_tag":[],"class_list":{"0":"post-39179","1":"product","2":"type-product","3":"status-publish","4":"has-post-thumbnail","6":"product_cat-termos","7":"product_cat-ver-todo-bebidas","9":"first","10":"instock","11":"shipping-taxable","12":"purchasable","13":"product-type-simple"},"_links":{"self":[{"href":"https:\/\/amgpromocionales.mx\/en\/wp-json\/wp\/v2\/product\/39179","targetHints":{"allow":["GET"]}}],"collection":[{"href":"https:\/\/amgpromocionales.mx\/en\/wp-json\/wp\/v2\/product"}],"about":[{"href":"https:\/\/amgpromocionales.mx\/en\/wp-json\/wp\/v2\/types\/product"}],"replies":[{"embeddable":true,"href":"https:\/\/amgpromocionales.mx\/en\/wp-json\/wp\/v2\/comments?post=39179"}],"wp:featuredmedia":[{"embeddable":true,"href":"https:\/\/amgpromocionales.mx\/en\/wp-json\/wp\/v2\/media\/20662"}],"wp:attachment":[{"href":"https:\/\/amgpromocionales.mx\/en\/wp-json\/wp\/v2\/media?parent=39179"}],"wp:term":[{"taxonomy":"product_brand","embeddable":true,"href":"https:\/\/amgpromocionales.mx\/en\/wp-json\/wp\/v2\/genre?post=39179"},{"taxonomy":"product_cat","embeddable":true,"href":"https:\/\/amgpromocionales.mx\/en\/wp-json\/wp\/v2\/product_cat?post=39179"},{"taxonomy":"product_tag","embeddable":true,"href":"https:\/\/amgpromocionales.mx\/en\/wp-json\/wp\/v2\/product_tag?post=39179"}],"curies":[{"name":"wp","href":"https:\/\/api.w.org\/{rel}","templated":true}]}}