{"id":39178,"date":"2025-01-12T23:47:06","date_gmt":"2025-01-13T05:47:06","guid":{"rendered":"https:\/\/amgpromocionales.com.mx\/?post_type=product&#038;p=39178"},"modified":"2025-01-20T23:07:43","modified_gmt":"2025-01-21T05:07:43","slug":"termo-a2867","status":"publish","type":"product","link":"https:\/\/amgpromocionales.mx\/en\/shop\/termo-a2867\/","title":{"rendered":"TERMO A2867"},"content":{"rendered":"<p>Termo NAYAD NEO de 16 Oz. de doble pared, la interna de acero inoxidable y externa de granos de caf\u00e9 reciclado, con una duraci\u00f3n de 3 hrs bebidas calientes y 5 hrs. bebidas fr\u00edas. Este termo es biodegradable, amistoso con el medio ambiente; tiene un cintillo met\u00e1lico color bronce que le dan gran estilo y personalidad. Cuenta con tapa de rosca herm\u00e9tica antiderrames, para abrir hay que quitar el candado de seguridad y girar la tapa superior hacia la izquierda. Libre de BPA, CAP. 480 ml. Presentaci\u00f3n: Caja de color.<\/p>","protected":false},"excerpt":{"rendered":"<p>Termo NAYAD NEO de 16 Oz. de doble pared, la interna de acero inoxidable y externa de granos de caf\u00e9 reciclado, con una duraci\u00f3n de 3 hrs bebidas calientes y 5 hrs. bebidas fr\u00edas. Este termo es biodegradable, amistoso con el medio ambiente; tiene un cintillo met\u00e1lico color bronce que le dan gran estilo y [&hellip;]<\/p>","protected":false},"featured_media":20658,"comment_status":"closed","ping_status":"closed","template":"","meta":[],"genre":[],"product_cat":[323,391],"product_tag":[],"class_list":{"0":"post-39178","1":"product","2":"type-product","3":"status-publish","4":"has-post-thumbnail","6":"product_cat-termos","7":"product_cat-ver-todo-bebidas","9":"first","10":"instock","11":"shipping-taxable","12":"purchasable","13":"product-type-simple"},"_links":{"self":[{"href":"https:\/\/amgpromocionales.mx\/en\/wp-json\/wp\/v2\/product\/39178","targetHints":{"allow":["GET"]}}],"collection":[{"href":"https:\/\/amgpromocionales.mx\/en\/wp-json\/wp\/v2\/product"}],"about":[{"href":"https:\/\/amgpromocionales.mx\/en\/wp-json\/wp\/v2\/types\/product"}],"replies":[{"embeddable":true,"href":"https:\/\/amgpromocionales.mx\/en\/wp-json\/wp\/v2\/comments?post=39178"}],"wp:featuredmedia":[{"embeddable":true,"href":"https:\/\/amgpromocionales.mx\/en\/wp-json\/wp\/v2\/media\/20658"}],"wp:attachment":[{"href":"https:\/\/amgpromocionales.mx\/en\/wp-json\/wp\/v2\/media?parent=39178"}],"wp:term":[{"taxonomy":"product_brand","embeddable":true,"href":"https:\/\/amgpromocionales.mx\/en\/wp-json\/wp\/v2\/genre?post=39178"},{"taxonomy":"product_cat","embeddable":true,"href":"https:\/\/amgpromocionales.mx\/en\/wp-json\/wp\/v2\/product_cat?post=39178"},{"taxonomy":"product_tag","embeddable":true,"href":"https:\/\/amgpromocionales.mx\/en\/wp-json\/wp\/v2\/product_tag?post=39178"}],"curies":[{"name":"wp","href":"https:\/\/api.w.org\/{rel}","templated":true}]}}