{"id":39176,"date":"2025-01-12T23:47:05","date_gmt":"2025-01-13T05:47:05","guid":{"rendered":"https:\/\/amgpromocionales.com.mx\/?post_type=product&#038;p=39176"},"modified":"2025-01-21T00:16:49","modified_gmt":"2025-01-21T06:16:49","slug":"pastillero-a2864","status":"publish","type":"product","link":"https:\/\/amgpromocionales.mx\/en\/shop\/pastillero-a2864\/","title":{"rendered":"PASTILLERO A2864"},"content":{"rendered":"<p>Pastillero apilable semanal, cuenta con 7 bandejas extra\u00edbles indicando el d\u00eda de la semana, cada uno tiene 4 divisiones internas para un mejor control de los horarios del d\u00eda. Esta torre se carga en la parte superior y se extrae por la parte inferior.<\/p>","protected":false},"excerpt":{"rendered":"<p>Pastillero apilable semanal, cuenta con 7 bandejas extra\u00edbles indicando el d\u00eda de la semana, cada uno tiene 4 divisiones internas para un mejor control de los horarios del d\u00eda. Esta torre se carga en la parte superior y se extrae por la parte inferior.<\/p>","protected":false},"featured_media":25130,"comment_status":"closed","ping_status":"closed","template":"","meta":[],"genre":[],"product_cat":[379,397],"product_tag":[],"class_list":{"0":"post-39176","1":"product","2":"type-product","3":"status-publish","4":"has-post-thumbnail","6":"product_cat-cuidado-personal","7":"product_cat-ver-todo-salud-y-belleza","9":"first","10":"instock","11":"shipping-taxable","12":"purchasable","13":"product-type-simple"},"_links":{"self":[{"href":"https:\/\/amgpromocionales.mx\/en\/wp-json\/wp\/v2\/product\/39176","targetHints":{"allow":["GET"]}}],"collection":[{"href":"https:\/\/amgpromocionales.mx\/en\/wp-json\/wp\/v2\/product"}],"about":[{"href":"https:\/\/amgpromocionales.mx\/en\/wp-json\/wp\/v2\/types\/product"}],"replies":[{"embeddable":true,"href":"https:\/\/amgpromocionales.mx\/en\/wp-json\/wp\/v2\/comments?post=39176"}],"wp:featuredmedia":[{"embeddable":true,"href":"https:\/\/amgpromocionales.mx\/en\/wp-json\/wp\/v2\/media\/25130"}],"wp:attachment":[{"href":"https:\/\/amgpromocionales.mx\/en\/wp-json\/wp\/v2\/media?parent=39176"}],"wp:term":[{"taxonomy":"product_brand","embeddable":true,"href":"https:\/\/amgpromocionales.mx\/en\/wp-json\/wp\/v2\/genre?post=39176"},{"taxonomy":"product_cat","embeddable":true,"href":"https:\/\/amgpromocionales.mx\/en\/wp-json\/wp\/v2\/product_cat?post=39176"},{"taxonomy":"product_tag","embeddable":true,"href":"https:\/\/amgpromocionales.mx\/en\/wp-json\/wp\/v2\/product_tag?post=39176"}],"curies":[{"name":"wp","href":"https:\/\/api.w.org\/{rel}","templated":true}]}}