{"id":39161,"date":"2025-01-12T23:47:01","date_gmt":"2025-01-13T05:47:01","guid":{"rendered":"https:\/\/amgpromocionales.com.mx\/?post_type=product&#038;p=39161"},"modified":"2025-01-21T00:34:57","modified_gmt":"2025-01-21T06:34:57","slug":"bolsa-a2848","status":"publish","type":"product","link":"https:\/\/amgpromocionales.mx\/en\/shop\/bolsa-a2848\/","title":{"rendered":"BOLSA A2848"},"content":{"rendered":"<p>Bolsa cosida de yute con interior laminado,  cuenta con un compartimento de algod\u00f3n al frente, bot\u00f3n de madera con cord\u00f3n para su cierre y asas de algod\u00f3n.<\/p>","protected":false},"excerpt":{"rendered":"<p>Bolsa cosida de yute con interior laminado, cuenta con un compartimento de algod\u00f3n al frente, bot\u00f3n de madera con cord\u00f3n para su cierre y asas de algod\u00f3n.<\/p>","protected":false},"featured_media":29686,"comment_status":"closed","ping_status":"closed","template":"","meta":[],"genre":[],"product_cat":[278,399],"product_tag":[],"class_list":{"0":"post-39161","1":"product","2":"type-product","3":"status-publish","4":"has-post-thumbnail","6":"product_cat-bolsas-textiles","7":"product_cat-ver-todo-textiles","9":"first","10":"instock","11":"shipping-taxable","12":"purchasable","13":"product-type-simple"},"_links":{"self":[{"href":"https:\/\/amgpromocionales.mx\/en\/wp-json\/wp\/v2\/product\/39161","targetHints":{"allow":["GET"]}}],"collection":[{"href":"https:\/\/amgpromocionales.mx\/en\/wp-json\/wp\/v2\/product"}],"about":[{"href":"https:\/\/amgpromocionales.mx\/en\/wp-json\/wp\/v2\/types\/product"}],"replies":[{"embeddable":true,"href":"https:\/\/amgpromocionales.mx\/en\/wp-json\/wp\/v2\/comments?post=39161"}],"wp:featuredmedia":[{"embeddable":true,"href":"https:\/\/amgpromocionales.mx\/en\/wp-json\/wp\/v2\/media\/29686"}],"wp:attachment":[{"href":"https:\/\/amgpromocionales.mx\/en\/wp-json\/wp\/v2\/media?parent=39161"}],"wp:term":[{"taxonomy":"product_brand","embeddable":true,"href":"https:\/\/amgpromocionales.mx\/en\/wp-json\/wp\/v2\/genre?post=39161"},{"taxonomy":"product_cat","embeddable":true,"href":"https:\/\/amgpromocionales.mx\/en\/wp-json\/wp\/v2\/product_cat?post=39161"},{"taxonomy":"product_tag","embeddable":true,"href":"https:\/\/amgpromocionales.mx\/en\/wp-json\/wp\/v2\/product_tag?post=39161"}],"curies":[{"name":"wp","href":"https:\/\/api.w.org\/{rel}","templated":true}]}}