{"id":39160,"date":"2025-01-12T23:47:01","date_gmt":"2025-01-13T05:47:01","guid":{"rendered":"https:\/\/amgpromocionales.com.mx\/?post_type=product&#038;p=39160"},"modified":"2025-01-21T00:42:51","modified_gmt":"2025-01-21T06:42:51","slug":"lonchera-a2847","status":"publish","type":"product","link":"https:\/\/amgpromocionales.mx\/en\/shop\/lonchera-a2847\/","title":{"rendered":"LONCHERA A2847"},"content":{"rendered":"<p>Lonchera \/ Hielera de yute con cubierta e interior t\u00e9rmico cosido en pl\u00e1stico anti escurrimiento, con cierre y asas de algod\u00f3n.<\/p>","protected":false},"excerpt":{"rendered":"<p>Lonchera \/ Hielera de yute con cubierta e interior t\u00e9rmico cosido en pl\u00e1stico anti escurrimiento, con cierre y asas de algod\u00f3n.<\/p>","protected":false},"featured_media":29652,"comment_status":"closed","ping_status":"closed","template":"","meta":[],"genre":[],"product_cat":[305,399],"product_tag":[],"class_list":{"0":"post-39160","1":"product","2":"type-product","3":"status-publish","4":"has-post-thumbnail","6":"product_cat-loncheras-y-hieleras","7":"product_cat-ver-todo-textiles","9":"first","10":"instock","11":"shipping-taxable","12":"purchasable","13":"product-type-simple"},"_links":{"self":[{"href":"https:\/\/amgpromocionales.mx\/en\/wp-json\/wp\/v2\/product\/39160","targetHints":{"allow":["GET"]}}],"collection":[{"href":"https:\/\/amgpromocionales.mx\/en\/wp-json\/wp\/v2\/product"}],"about":[{"href":"https:\/\/amgpromocionales.mx\/en\/wp-json\/wp\/v2\/types\/product"}],"replies":[{"embeddable":true,"href":"https:\/\/amgpromocionales.mx\/en\/wp-json\/wp\/v2\/comments?post=39160"}],"wp:featuredmedia":[{"embeddable":true,"href":"https:\/\/amgpromocionales.mx\/en\/wp-json\/wp\/v2\/media\/29652"}],"wp:attachment":[{"href":"https:\/\/amgpromocionales.mx\/en\/wp-json\/wp\/v2\/media?parent=39160"}],"wp:term":[{"taxonomy":"product_brand","embeddable":true,"href":"https:\/\/amgpromocionales.mx\/en\/wp-json\/wp\/v2\/genre?post=39160"},{"taxonomy":"product_cat","embeddable":true,"href":"https:\/\/amgpromocionales.mx\/en\/wp-json\/wp\/v2\/product_cat?post=39160"},{"taxonomy":"product_tag","embeddable":true,"href":"https:\/\/amgpromocionales.mx\/en\/wp-json\/wp\/v2\/product_tag?post=39160"}],"curies":[{"name":"wp","href":"https:\/\/api.w.org\/{rel}","templated":true}]}}