{"id":39156,"date":"2025-01-12T23:47:00","date_gmt":"2025-01-13T05:47:00","guid":{"rendered":"https:\/\/amgpromocionales.com.mx\/?post_type=product&#038;p=39156"},"modified":"2025-01-20T23:07:45","modified_gmt":"2025-01-21T05:07:45","slug":"termo-a2844","status":"publish","type":"product","link":"https:\/\/amgpromocionales.mx\/en\/shop\/termo-a2844\/","title":{"rendered":"TERMO A2844"},"content":{"rendered":"<p>Termo de doble pared marca NAYAD de acero inoxidable 304, insulado al alto vac\u00edo, cuenta con capa interior de cobre que permite mantener las bebidas fr\u00edas por 20 horas y calientes por 10 horas, libre de BPA. Cubierta met\u00e1lica con acabado de polvo pl\u00e1stico. Su tapa de rosca a prueba de fugas, cuenta con anillo de transporte duradero de acero inoxidable. CAP. 770 ml. (26 Oz.) Presentaci\u00f3n: Caja de color.<\/p>","protected":false},"excerpt":{"rendered":"<p>Termo de doble pared marca NAYAD de acero inoxidable 304, insulado al alto vac\u00edo, cuenta con capa interior de cobre que permite mantener las bebidas fr\u00edas por 20 horas y calientes por 10 horas, libre de BPA. Cubierta met\u00e1lica con acabado de polvo pl\u00e1stico. Su tapa de rosca a prueba de fugas, cuenta con anillo [&hellip;]<\/p>","protected":false},"featured_media":20637,"comment_status":"closed","ping_status":"closed","template":"","meta":[],"genre":[],"product_cat":[323,391],"product_tag":[],"class_list":{"0":"post-39156","1":"product","2":"type-product","3":"status-publish","4":"has-post-thumbnail","6":"product_cat-termos","7":"product_cat-ver-todo-bebidas","9":"first","10":"instock","11":"shipping-taxable","12":"purchasable","13":"product-type-variable"},"_links":{"self":[{"href":"https:\/\/amgpromocionales.mx\/en\/wp-json\/wp\/v2\/product\/39156","targetHints":{"allow":["GET"]}}],"collection":[{"href":"https:\/\/amgpromocionales.mx\/en\/wp-json\/wp\/v2\/product"}],"about":[{"href":"https:\/\/amgpromocionales.mx\/en\/wp-json\/wp\/v2\/types\/product"}],"replies":[{"embeddable":true,"href":"https:\/\/amgpromocionales.mx\/en\/wp-json\/wp\/v2\/comments?post=39156"}],"wp:featuredmedia":[{"embeddable":true,"href":"https:\/\/amgpromocionales.mx\/en\/wp-json\/wp\/v2\/media\/20637"}],"wp:attachment":[{"href":"https:\/\/amgpromocionales.mx\/en\/wp-json\/wp\/v2\/media?parent=39156"}],"wp:term":[{"taxonomy":"product_brand","embeddable":true,"href":"https:\/\/amgpromocionales.mx\/en\/wp-json\/wp\/v2\/genre?post=39156"},{"taxonomy":"product_cat","embeddable":true,"href":"https:\/\/amgpromocionales.mx\/en\/wp-json\/wp\/v2\/product_cat?post=39156"},{"taxonomy":"product_tag","embeddable":true,"href":"https:\/\/amgpromocionales.mx\/en\/wp-json\/wp\/v2\/product_tag?post=39156"}],"curies":[{"name":"wp","href":"https:\/\/api.w.org\/{rel}","templated":true}]}}