{"id":39154,"date":"2025-01-12T23:46:59","date_gmt":"2025-01-13T05:46:59","guid":{"rendered":"https:\/\/amgpromocionales.com.mx\/?post_type=product&#038;p=39154"},"modified":"2025-01-21T00:34:58","modified_gmt":"2025-01-21T06:34:58","slug":"bolsa-a2840","status":"publish","type":"product","link":"https:\/\/amgpromocionales.mx\/en\/shop\/bolsa-a2840\/","title":{"rendered":"BOLSA A2840"},"content":{"rendered":"<p>Bolsa para guardar accesorios con dise\u00f1o de bal\u00f3n de f\u00fatbol. Incluye asas para sujetar.<\/p>","protected":false},"excerpt":{"rendered":"<p>Bolsa para guardar accesorios con dise\u00f1o de bal\u00f3n de f\u00fatbol. Incluye asas para sujetar.<\/p>","protected":false},"featured_media":29626,"comment_status":"closed","ping_status":"closed","template":"","meta":[],"genre":[],"product_cat":[278,399],"product_tag":[],"class_list":{"0":"post-39154","1":"product","2":"type-product","3":"status-publish","4":"has-post-thumbnail","6":"product_cat-bolsas-textiles","7":"product_cat-ver-todo-textiles","9":"first","10":"instock","11":"shipping-taxable","12":"purchasable","13":"product-type-simple"},"_links":{"self":[{"href":"https:\/\/amgpromocionales.mx\/en\/wp-json\/wp\/v2\/product\/39154","targetHints":{"allow":["GET"]}}],"collection":[{"href":"https:\/\/amgpromocionales.mx\/en\/wp-json\/wp\/v2\/product"}],"about":[{"href":"https:\/\/amgpromocionales.mx\/en\/wp-json\/wp\/v2\/types\/product"}],"replies":[{"embeddable":true,"href":"https:\/\/amgpromocionales.mx\/en\/wp-json\/wp\/v2\/comments?post=39154"}],"wp:featuredmedia":[{"embeddable":true,"href":"https:\/\/amgpromocionales.mx\/en\/wp-json\/wp\/v2\/media\/29626"}],"wp:attachment":[{"href":"https:\/\/amgpromocionales.mx\/en\/wp-json\/wp\/v2\/media?parent=39154"}],"wp:term":[{"taxonomy":"product_brand","embeddable":true,"href":"https:\/\/amgpromocionales.mx\/en\/wp-json\/wp\/v2\/genre?post=39154"},{"taxonomy":"product_cat","embeddable":true,"href":"https:\/\/amgpromocionales.mx\/en\/wp-json\/wp\/v2\/product_cat?post=39154"},{"taxonomy":"product_tag","embeddable":true,"href":"https:\/\/amgpromocionales.mx\/en\/wp-json\/wp\/v2\/product_tag?post=39154"}],"curies":[{"name":"wp","href":"https:\/\/api.w.org\/{rel}","templated":true}]}}